{"id":944,"date":"2023-10-06T16:11:13","date_gmt":"2023-10-06T19:11:13","guid":{"rendered":"http:\/\/www.dfi.uem.br\/fisica\/?page_id=944"},"modified":"2023-11-09T13:59:14","modified_gmt":"2023-11-09T15:59:14","slug":"xxx-semana-da-fisica","status":"publish","type":"page","link":"http:\/\/www.dfi.uem.br\/fisica\/index.php\/xxx-semana-da-fisica\/","title":{"rendered":"XXX Semana da F\u00edsica"},"content":{"rendered":"\n<p class=\"has-medium-font-size\"><strong>De 06 a 10 de Novembro  &#8211;  25 Anos do Programa de P\u00f3s-Gradua\u00e7\u00e3o em F\u00edsica &#8211;<\/strong><\/p>\n\n\n\n<p class=\"has-medium-font-size\">Inscri\u00e7\u00f5es  &#8211; encerradas &#8211; <\/p>\n\n\n\n<div data-wp-interactive=\"core\/file\" class=\"wp-block-file\"><object data-wp-bind--hidden=\"!state.hasPdfPreview\"  class=\"wp-block-file__embed\" data=\"http:\/\/www.dfi.uem.br\/fisica\/wp-content\/uploads\/2023\/11\/cronograma_06-11-23.pdf\" type=\"application\/pdf\" style=\"width:100%;height:600px\" aria-label=\"Incorporado de cronograma_06-11-23.\"><\/object><a id=\"wp-block-file--media-4c3c6114-df08-4c78-9f08-489765f9842e\" href=\"http:\/\/www.dfi.uem.br\/fisica\/wp-content\/uploads\/2023\/11\/cronograma_06-11-23.pdf\">cronograma_06-11-23<\/a><a href=\"http:\/\/www.dfi.uem.br\/fisica\/wp-content\/uploads\/2023\/11\/cronograma_06-11-23.pdf\" class=\"wp-block-file__button wp-element-button\" download aria-describedby=\"wp-block-file--media-4c3c6114-df08-4c78-9f08-489765f9842e\">Baixar<\/a><\/div>\n","protected":false},"excerpt":{"rendered":"<p>De 06 a 10 de Novembro &#8211; 25 Anos do Programa de P\u00f3s-Gradua\u00e7\u00e3o em F\u00edsica &#8211; Inscri\u00e7\u00f5es &#8211; encerradas &#8211;<\/p>\n","protected":false},"author":1,"featured_media":0,"parent":0,"menu_order":0,"comment_status":"closed","ping_status":"closed","template":"","meta":{"footnotes":""},"_links":{"self":[{"href":"http:\/\/www.dfi.uem.br\/fisica\/index.php\/wp-json\/wp\/v2\/pages\/944"}],"collection":[{"href":"http:\/\/www.dfi.uem.br\/fisica\/index.php\/wp-json\/wp\/v2\/pages"}],"about":[{"href":"http:\/\/www.dfi.uem.br\/fisica\/index.php\/wp-json\/wp\/v2\/types\/page"}],"author":[{"embeddable":true,"href":"http:\/\/www.dfi.uem.br\/fisica\/index.php\/wp-json\/wp\/v2\/users\/1"}],"replies":[{"embeddable":true,"href":"http:\/\/www.dfi.uem.br\/fisica\/index.php\/wp-json\/wp\/v2\/comments?post=944"}],"version-history":[{"count":12,"href":"http:\/\/www.dfi.uem.br\/fisica\/index.php\/wp-json\/wp\/v2\/pages\/944\/revisions"}],"predecessor-version":[{"id":1107,"href":"http:\/\/www.dfi.uem.br\/fisica\/index.php\/wp-json\/wp\/v2\/pages\/944\/revisions\/1107"}],"wp:attachment":[{"href":"http:\/\/www.dfi.uem.br\/fisica\/index.php\/wp-json\/wp\/v2\/media?parent=944"}],"curies":[{"name":"wp","href":"https:\/\/api.w.org\/{rel}","templated":true}]}}