{"id":519,"date":"2022-06-23T15:42:49","date_gmt":"2022-06-23T18:42:49","guid":{"rendered":"http:\/\/www.dfi.uem.br\/fisica\/?page_id=519"},"modified":"2026-03-10T12:28:15","modified_gmt":"2026-03-10T15:28:15","slug":"tcc-2","status":"publish","type":"page","link":"http:\/\/www.dfi.uem.br\/fisica\/index.php\/tcc-2\/","title":{"rendered":"Tcc"},"content":{"rendered":"\n<h1 class=\"wp-block-heading\">Orienta\u00e7\u00f5es sobre o TCC\/Monografia<\/h1>\n\n\n\n<p>Todos os Professores do DFI podem ser orientadores de TCC.<\/p>\n\n\n\n<p>Para saber um pouco mais sobre as linhas de pesquisa dos professores do DFI, visite o p\u00e1gina de cada&nbsp;<a href=\"http:\/\/www.dfi.uem.br\/fisicaold\/site.dfi.uem.br\/pessoas\/corpo-docente\/index.html\">professor&nbsp;<\/a>ou procure informa\u00e7\u00f5es no&nbsp;<a href=\"http:\/\/lattes.cnpq.br\/\">curr\u00edculo Lattes<\/a>&nbsp;dos mesmos.<\/p>\n\n\n\n<p>Entre em contato com o professor e consulte sua disponibilidade para orienta\u00e7\u00e3o.&nbsp;Todos os acad\u00eamicos, inclusive os que n\u00e3o defenderam nos anos anteriores devem se inscrever e entregar o projeto (devidamente assinado pelo acad\u00eamico e pelo professor orientador) dentro do prazo estipulado no cronograma abaixo.<\/p>\n\n\n\n<p>O ideal \u00e9 que os acad\u00eamicos entrem em contato com o Professor orientador antecipadamente, no semestre anterior ou no m\u00e1ximo antes do in\u00edcio do ano letivo, para que j\u00e1 possam atuar no desenvolvimento do TCC;<\/p>\n\n\n\n<p>Para a defesa \u00e9 necess\u00e1rio entregar a ficha de solicita\u00e7\u00e3o de defesa \u2013 preencham e entreguem a ficha da sua componente curricular: Licenciatura ou Bacharelado.<\/p>\n\n\n\n<p>Leia integralmente:&nbsp;<a href=\"http:\/\/www.dfi.uem.br\/fisicaold\/site.dfi.uem.br\/wp-content\/uploads\/2016\/10\/Resolu%c3%a7%c3%a3o-do-Trabalho-Conclus%c3%a3o-de-Curso.pdf\" target=\"_blank\" rel=\"noreferrer noopener\">Resolu\u00e7\u00e3o n\u00ba183\/2006-CEP<\/a><\/p>\n\n\n\n<h2 class=\"wp-block-heading\">D\u00favidas?<\/h2>\n\n\n\n<p>Entre em contato com a coordena\u00e7\u00e3o do TCC\/DFI, Profa. Hatsumi Mukai.<br>email:&nbsp;hmukai@dfi.uem.br<\/p>\n\n\n\n<h2 class=\"wp-block-heading\">Arquivos para download<\/h2>\n\n\n\n<ul>\n<li><a href=\"http:\/\/www.dfi.uem.br\/fisicaold\/site.dfi.uem.br\/wp-content\/uploads\/2016\/10\/Termo-de-Autoriza%c3%a7%c3%a3o-de-monografia-TCC.doc\" target=\"_blank\" rel=\"noreferrer noopener\">Termo de Autoriza\u00e7\u00e3o de monografia TCC<\/a><\/li>\n\n\n\n<li><a href=\"http:\/\/www.dfi.uem.br\/fisica\/wp-content\/uploads\/2023\/02\/Solicitacao-defesa-de-monografia-LICENCIATURA-em-Fisica.docx\" data-type=\"attachment\" data-id=\"794\" target=\"_blank\" rel=\"noreferrer noopener\">Solicita\u00e7\u00e3o de defesa de monografia \u2013 LICENCIATURA em F\u00edsica<\/a><\/li>\n\n\n\n<li><a href=\"http:\/\/www.dfi.uem.br\/fisica\/wp-content\/uploads\/2023\/02\/Solicitacao-defesa-de-monografia-BACHARELADO-em-Fisica.docx\" data-type=\"attachment\" data-id=\"795\" target=\"_blank\" rel=\"noreferrer noopener\">Solicita\u00e7\u00e3o de defesa de monografia \u2013 BACHARELADO em F\u00edsica<\/a><\/li>\n\n\n\n<li><a href=\"http:\/\/www.dfi.uem.br\/fisica\/wp-content\/uploads\/2025\/05\/Modelo-para-Projeto-TCC-Graduacao-DFI_UEM.doc\">Projeto TCC<\/a><\/li>\n<\/ul>\n\n\n\n<h2 class=\"wp-block-heading\"><strong>CRONOGRAMA 2026<\/strong><\/h2>\n\n\n\n<div data-wp-interactive=\"core\/file\" class=\"wp-block-file\"><object data-wp-bind--hidden=\"!state.hasPdfPreview\"  class=\"wp-block-file__embed\" data=\"http:\/\/www.dfi.uem.br\/fisica\/wp-content\/uploads\/2026\/03\/Cronograma-TCC-2026.pdf\" type=\"application\/pdf\" style=\"width:100%;height:600px\" aria-label=\"Incorporado de Cronograma-TCC-2026.\"><\/object><a id=\"wp-block-file--media-4e47209c-09aa-48fa-af4b-95444debe588\" href=\"http:\/\/www.dfi.uem.br\/fisica\/wp-content\/uploads\/2026\/03\/Cronograma-TCC-2026.pdf\">Cronograma-TCC-2026<\/a><a href=\"http:\/\/www.dfi.uem.br\/fisica\/wp-content\/uploads\/2026\/03\/Cronograma-TCC-2026.pdf\" class=\"wp-block-file__button wp-element-button\" download aria-describedby=\"wp-block-file--media-4e47209c-09aa-48fa-af4b-95444debe588\">Baixar<\/a><\/div>\n","protected":false},"excerpt":{"rendered":"<p>Orienta\u00e7\u00f5es sobre o TCC\/Monografia Todos os Professores do DFI podem ser orientadores de TCC. Para saber um pouco mais sobre as linhas de pesquisa dos professores do DFI, visite o p\u00e1gina de cada&nbsp;professor&nbsp;ou procure informa\u00e7\u00f5es no&nbsp;curr\u00edculo Lattes&nbsp;dos mesmos. Entre em contato com o professor e consulte sua disponibilidade para orienta\u00e7\u00e3o.&nbsp;Todos os acad\u00eamicos, inclusive os que [&hellip;]<\/p>\n","protected":false},"author":1,"featured_media":0,"parent":0,"menu_order":0,"comment_status":"closed","ping_status":"closed","template":"","meta":{"footnotes":""},"_links":{"self":[{"href":"http:\/\/www.dfi.uem.br\/fisica\/index.php\/wp-json\/wp\/v2\/pages\/519"}],"collection":[{"href":"http:\/\/www.dfi.uem.br\/fisica\/index.php\/wp-json\/wp\/v2\/pages"}],"about":[{"href":"http:\/\/www.dfi.uem.br\/fisica\/index.php\/wp-json\/wp\/v2\/types\/page"}],"author":[{"embeddable":true,"href":"http:\/\/www.dfi.uem.br\/fisica\/index.php\/wp-json\/wp\/v2\/users\/1"}],"replies":[{"embeddable":true,"href":"http:\/\/www.dfi.uem.br\/fisica\/index.php\/wp-json\/wp\/v2\/comments?post=519"}],"version-history":[{"count":15,"href":"http:\/\/www.dfi.uem.br\/fisica\/index.php\/wp-json\/wp\/v2\/pages\/519\/revisions"}],"predecessor-version":[{"id":1327,"href":"http:\/\/www.dfi.uem.br\/fisica\/index.php\/wp-json\/wp\/v2\/pages\/519\/revisions\/1327"}],"wp:attachment":[{"href":"http:\/\/www.dfi.uem.br\/fisica\/index.php\/wp-json\/wp\/v2\/media?parent=519"}],"curies":[{"name":"wp","href":"https:\/\/api.w.org\/{rel}","templated":true}]}}