{"id":435,"date":"2022-05-13T11:06:57","date_gmt":"2022-05-13T14:06:57","guid":{"rendered":"http:\/\/www.dfi.uem.br\/fisica\/?page_id=435"},"modified":"2022-05-13T11:07:07","modified_gmt":"2022-05-13T14:07:07","slug":"2014-2","status":"publish","type":"page","link":"http:\/\/www.dfi.uem.br\/fisica\/index.php\/2014-2\/","title":{"rendered":"2014"},"content":{"rendered":"\n<ul><li class=\"\"><a href=\"http:\/\/www.dfi.uem.br\/fisicaold\/site.dfi.uem.br\/a-framework-to-investigate-the-immittance-responses-for-finite-length-situations-fractional-diffusion-equation-reaction-term-and-boundary-conditions\/index.html\">A framework to investigate the immittance responses for finite length-situations: fractional diffusion equation, reaction term, and boundary conditions<\/a><\/li><li class=\"\"><a href=\"http:\/\/www.dfi.uem.br\/fisicaold\/site.dfi.uem.br\/a-phenomenological-model-for-ferroelectric-domain-walls-and-its-implications-for-bifeo3-pbtio3-multiferroic-compounds\/index.html\">A phenomenological model for ferroelectric domain walls and its implications for BiFeO3\u2013PbTiO3 multiferroic compounds<\/a><\/li><li class=\"\"><a href=\"http:\/\/www.dfi.uem.br\/fisicaold\/site.dfi.uem.br\/adsorption-desorption-phenomena-and-diffusion-of-neutral-particles-in-the-hyperbolic-regime\/index.html\">Adsorption\u2013desorption phenomena and diffusion of neutral particles in the hyperbolic regime<\/a><\/li><li class=\"\"><a href=\"http:\/\/www.dfi.uem.br\/fisicaold\/site.dfi.uem.br\/anisotropic-magnetocaloric-effect-in-erga2-and-hoga2-single-crystals\/index.html\">Anisotropic magnetocaloric effect in ErGa2 and HoGa2 single-crystals<\/a><\/li><li class=\"\"><a href=\"http:\/\/www.dfi.uem.br\/fisicaold\/site.dfi.uem.br\/are-metabolites-of-fusarium-oxysporum-responsible-for-fungal-skin-invasion-a-morphological-and-raman-spectroscopy-monitoring\/index.html\">Are metabolites of Fusarium oxysporum responsible for fungal skin invasion? A morphological and Raman spectroscopy monitoring<\/a><\/li><li class=\"\"><a href=\"http:\/\/www.dfi.uem.br\/fisicaold\/site.dfi.uem.br\/bandwidth-broadening-induced-by-ionic-interactions-in-polymer-stabilized-cholesteric-liquid-crystals\/index.html\">Bandwidth broadening induced by ionic interactions in polymer stabilized cholesteric liquid crystals<\/a><\/li><li class=\"\"><a href=\"http:\/\/www.dfi.uem.br\/fisicaold\/site.dfi.uem.br\/biological-pretreatment-of-eucalyptus-grandis-sawdust-with-white-rot-fungi-study-of-degradation-patterns-and-saccharification-kinetics\/index.html\">Biological pretreatment of Eucalyptus grandis sawdust with white-rot fungi: Study of degradation patterns and saccharification kinetics<\/a><\/li><li class=\"\"><a href=\"http:\/\/www.dfi.uem.br\/fisicaold\/site.dfi.uem.br\/biosynthesis-of-cgtase-by-immobilized-alkalophi\/index.html\">Biosynthesis of CGTase by immobilized alkalophilic bacilli and crystallization of beta-cyclodextrin: Effective techniques to investigate cell immobilization and the production of cyclodextrins<\/a><\/li><li class=\"\"><a href=\"http:\/\/www.dfi.uem.br\/fisicaold\/site.dfi.uem.br\/chemical-fate-of-iron-in-a-peatland-developing-in-the-southern-espinhaco-chain-brazil\/index.html\">Chemical fate of iron in a peatland developing in the southern Espinha\u00e7o chain, Brazil<\/a><\/li><li class=\"\"><a href=\"http:\/\/www.dfi.uem.br\/fisicaold\/site.dfi.uem.br\/chemical-reducing-pedoenvironment-in-a-peatland-influenced-by-hematitic-phyllite-lithology-in-the-southern-espinhaco-chain-brazil\/index.html\">Chemical reducing pedoenvironment in a peatland influenced by hematitic phyllite lithology in the southern Espinha\u00e7o chain, Brazil<\/a><\/li><li class=\"\"><a href=\"http:\/\/www.dfi.uem.br\/fisicaold\/site.dfi.uem.br\/co-doped-zno-nanoparticles-synthesized-by-an-adapted-sol-gel-method-effects-on-the-structural-optical-photocatalytic-and-antibacterial-properties\/index.html\">Co-doped ZnO nanoparticles synthesized by an adapted sol\u2013gel method: effects on the structural, optical, photocatalytic and antibacterial properties<\/a><\/li><li class=\"\"><a href=\"http:\/\/www.dfi.uem.br\/fisicaold\/site.dfi.uem.br\/color-stability-over-time-of-three-resin-based-restorative-materials-stored-dry-and-in-artificial-saliva\/index.html\">Color stability over time of three resin-based restorative materials stored dry and in artificial saliva<\/a><\/li><li class=\"\"><a href=\"http:\/\/www.dfi.uem.br\/fisicaold\/site.dfi.uem.br\/combined-photothermal-lens-and-photothermal-mirror-characterization-of-polymers\/index.html\">Combined photothermal lens and photothermal mirror characterization of polymers<\/a><\/li><li class=\"\"><a href=\"http:\/\/www.dfi.uem.br\/fisicaold\/site.dfi.uem.br\/comparison-of-structural-and-magnetic-properties-of-la3-substituted-bafe12o19-prepared-by-different-substitution-methods\/index.html\">Comparison of structural and magnetic properties of La3+ substituted BaFe12O19 prepared by different substitution methods<\/a><\/li><li class=\"\"><a href=\"http:\/\/www.dfi.uem.br\/fisicaold\/site.dfi.uem.br\/correlation-between-histopathological-and-ft-raman-spectroscopy-analysis-of-the-liver-of-swiss-mice-infected-with-paracoccidioides-brasiliensis\/index.html\">Correlation between histopathological and FT-Raman spectroscopy analysis of the liver of Swiss mice infected with Paracoccidioides brasiliensis<\/a><\/li><li class=\"\"><a href=\"http:\/\/www.dfi.uem.br\/fisicaold\/site.dfi.uem.br\/conoscopic-image-of-an-induced-biaxial-nematic-lyotropic-phase\/index.html\">Conoscopic image of an induced biaxial nematic lyotropic phase<\/a><\/li><li class=\"\"><a href=\"http:\/\/www.dfi.uem.br\/fisicaold\/site.dfi.uem.br\/curcumin-%ce%b2-cyclodextrin-inclusion-complex-stability-solubility-characterisation-by-ft-ir-ft-raman-x-ray-diffraction-and-photoacoustic-spectroscopy-and-food-application\/index.html\">Curcumin\u2013\u03b2-cyclodextrin inclusion complex: Stability, solubility, characterisation by FT-IR, FT-Raman, X-ray diffraction and photoacoustic spectroscopy, and food application<\/a><\/li><li class=\"\"><a href=\"http:\/\/www.dfi.uem.br\/fisicaold\/site.dfi.uem.br\/desenvolvendo-o-paradigma-da-integralidade-no-cuidado-a-saude-no-pet-saudeuem-relato-de-experiencia-atuacao-de-maneira-articulada-no-cuidado-integral-a-saude-da-comunidade\/index.html\">Desenvolvendo o paradigma da integralidade no cuidado \u00e0 sa\u00fade no PET- Sa\u00fade\/UEM: relato de experi\u00eancia: atua\u00e7\u00e3o de maneira articulada no cuidado integral \u00e0 sa\u00fade da comunidade<\/a><\/li><li class=\"\"><a href=\"http:\/\/www.dfi.uem.br\/fisicaold\/site.dfi.uem.br\/dielectric-and-impedance-measurements-on-1%e2%88%92xbafe12ta12o3-xbazn13ta23o3-ceramics\/index.html\">Dielectric and impedance measurements on (1\u2212x)Ba(Fe1\/2Ta1\/2)O3-xBa(Zn1\/3Ta2\/3)O3 ceramics<\/a><\/li><li class=\"\"><a href=\"http:\/\/www.dfi.uem.br\/fisicaold\/site.dfi.uem.br\/diffusion-equations-and-different-spatial-fractional-derivatives\/index.html\">Diffusion equations and different spatial fractional derivatives<\/a><\/li><li class=\"\"><a href=\"http:\/\/www.dfi.uem.br\/fisicaold\/site.dfi.uem.br\/discriminating-the-role-of-sample-length-in-thermal-lensing-of-solids\/index.html\">Discriminating the role of sample length in thermal lensing of solids<\/a><\/li><li class=\"\"><a href=\"http:\/\/www.dfi.uem.br\/fisicaold\/site.dfi.uem.br\/effect-of-surface-viscosity-anchoring-energy-and-cell-gap-on-the-response-time-of-nematic-liquid-crystals\/index.html\">Effect of surface viscosity, anchoring energy, and cell gap on the response time of nematic liquid crystals<\/a><\/li><li class=\"\"><a href=\"http:\/\/www.dfi.uem.br\/fisicaold\/site.dfi.uem.br\/effect-of-the-synthesis-atmosphere-on-the-magnetic-and-structural-properties-of-tbmno3-multiferroic-polycrystals\/index.html\">Effect of the synthesis atmosphere on the magnetic and structural properties of TbMnO3 multiferroic polycrystals<\/a><\/li><li class=\"\"><a href=\"http:\/\/www.dfi.uem.br\/fisicaold\/site.dfi.uem.br\/empirical-analysis-on-the-connection-between-power-law-distributions-and-allometries-for-urban-indicators\/index.html\">Empirical analysis on the connection between power-law distributions and allometries for urban indicators<\/a><\/li><li class=\"\"><a href=\"http:\/\/www.dfi.uem.br\/fisicaold\/site.dfi.uem.br\/enhanced-fluorescence-and-optical-power-limiting-in-ag-nanocomposite-glasses\/index.html\">Enhanced fluorescence and optical power limiting in Ag-nanocomposite glasses<\/a><\/li><li class=\"\"><a href=\"http:\/\/www.dfi.uem.br\/fisicaold\/site.dfi.uem.br\/enhanced-ultraviolet-blue-emission-and-raman-modes-in-znocr2-o3-composite-nanoparticles\/index.html\">Enhanced ultraviolet-blue emission and Raman modes in ZnO:Cr2 O3 composite nanoparticles<\/a><\/li><li class=\"\"><a href=\"http:\/\/www.dfi.uem.br\/fisicaold\/site.dfi.uem.br\/formulation-and-characterization-of-ethylcellulose-microparticles-containing-l-alanyl-l-glutamine-peptide\/index.html\">Formulation and characterization of ethylcellulose microparticles containing .l-alanyl- l-glutamine peptide<\/a><\/li><li class=\"\"><a href=\"http:\/\/www.dfi.uem.br\/fisicaold\/site.dfi.uem.br\/fractional-diffusion-equation-boundary-conditions-and-surface-effects\/index.html\">Fractional diffusion equation, boundary conditions and surface effects<\/a><\/li><li class=\"\"><a href=\"http:\/\/www.dfi.uem.br\/fisicaold\/site.dfi.uem.br\/fractional-diffusion-equations-and-equivalent-circuits-applied-to-ionic-solutions\/index.html\">Fractional Diffusion Equations and Equivalent Circuits Applied to Ionic Solutions<\/a><\/li><li class=\"\"><a href=\"http:\/\/www.dfi.uem.br\/fisicaold\/site.dfi.uem.br\/geometric-magnetic-frustration-in-re2o2s-oxysulfides-re-sm-eu-and-gd\/index.html\">Geometric magnetic frustration in RE2O2S oxysulfides (RE = Sm, Eu and Gd)<\/a><\/li><li class=\"\"><a href=\"http:\/\/www.dfi.uem.br\/fisicaold\/site.dfi.uem.br\/growth-patterns-and-scaling-laws-governing-aids-epidemic-in-brazilian-cities\/index.html\">Growth Patterns and Scaling Laws Governing AIDS Epidemic in Brazilian Cities<\/a><\/li><li class=\"\"><a href=\"http:\/\/www.dfi.uem.br\/fisicaold\/site.dfi.uem.br\/harmonic-and-anharmonic-quantum-mechanical-oscillators-in-noninteger-dimensions\/index.html\">Harmonic and anharmonic quantum-mechanical oscillators in noninteger dimensions<\/a><\/li><li class=\"\"><a href=\"http:\/\/www.dfi.uem.br\/fisicaold\/site.dfi.uem.br\/high-strain-in-polycrystalline-ni48-8mn31-4ga19-8-heusler-alloys-under-overlapped-static-and-oscillating-magnetic-fields\/index.html\">High strain in polycrystalline Ni48.8Mn31.4Ga19.8 Heusler alloys under overlapped static and oscillating magnetic fields<\/a><\/li><li class=\"\"><a href=\"http:\/\/www.dfi.uem.br\/fisicaold\/site.dfi.uem.br\/inhibition-of-salivary-and-pancreatic-%ce%b1-amylases-by-a-pinhao-coat-araucaria-angustifolia-extract-rich-in-condensed-tannin\/index.html\">Inhibition of salivary and pancreatic \u03b1-amylases by a pinh\u00e3o coat (Araucaria angustifolia) extract rich in condensed tannin<\/a><\/li><li class=\"\"><a href=\"http:\/\/www.dfi.uem.br\/fisicaold\/site.dfi.uem.br\/investigating-the-interplay-between-mechanisms-of-anomalous-diffusion-via-fractional-brownian-walks-on-a-comb-like-structure\/index.html\">Investigating the interplay between mechanisms of anomalous diffusion via fractional Brownian walks on a comb-like structure<\/a><\/li><li class=\"\"><a href=\"http:\/\/www.dfi.uem.br\/fisicaold\/site.dfi.uem.br\/light-directing-omnidirectional-circularly-polarized-reflection-from-liquid-crystal-droplets\/index.html\">Light-Directing Omnidirectional Circularly Polarized Reflection from Liquid-Crystal Droplets<\/a><\/li><li class=\"\"><a href=\"http:\/\/www.dfi.uem.br\/fisicaold\/site.dfi.uem.br\/morphology-change-in-nematic-membranes-induced-by-defects\/index.html\">Morphology change in nematic membranes induced by defects<\/a><\/li><li class=\"\"><a href=\"http:\/\/www.dfi.uem.br\/fisicaold\/site.dfi.uem.br\/mossbauer-spectroscopy-magnetic-characteristics-and-reflection-loss-analysis-of-nickel-strontium-substituted-cobalt-ferrite-nanoparticles\/index.html\">M\u00f6ssbauer spectroscopy, magnetic characteristics, and reflection loss analysis of nickel-strontium substituted cobalt ferrite nanoparticles<\/a><\/li><li class=\"\"><a href=\"http:\/\/www.dfi.uem.br\/fisicaold\/site.dfi.uem.br\/multiferroic-behavior-of-lead-free-alfeo3-and-mn-nb-doped-compositions\/index.html\">Multiferroic Behavior of Lead-free AlFeO3 and Mn, Nb Doped Compositions<\/a><\/li><li class=\"\"><a href=\"http:\/\/www.dfi.uem.br\/fisicaold\/site.dfi.uem.br\/multiferroic-properties-and-piezoelectric-characterizations-of-bismuth-ferrite-based-compounds-produced-by-spark-plasma-sintering\/index.html\">Multiferroic Properties and Piezoelectric Characterizations of Bismuth Ferrite Based Compounds Produced by Spark Plasma Sintering<\/a><\/li><li class=\"\"><a href=\"http:\/\/www.dfi.uem.br\/fisicaold\/site.dfi.uem.br\/nd3-doped-cas-glasses-a-thermo-optical-and-spectroscopic-investigation\/index.html\">Nd3+ doped CAS glasses: A thermo-optical and spectroscopic investigation<\/a><\/li><li class=\"\"><a href=\"http:\/\/www.dfi.uem.br\/fisicaold\/site.dfi.uem.br\/polyvinylpyrrolidone-quantification-in-paracetamol-using-phase-resolved-photoacoustic-method\/index.html\">Polyvinylpyrrolidone Quantification in Paracetamol Using Phase-Resolved Photoacoustic Method<\/a><\/li><li class=\"\"><a href=\"http:\/\/www.dfi.uem.br\/fisicaold\/site.dfi.uem.br\/processing-of-gadolinium-iron-garnet-under-non-equilibrium-conditions\/index.html\">Processing of gadolinium\u2013iron garnet under non-equilibrium conditions<\/a><\/li><li class=\"\"><a href=\"http:\/\/www.dfi.uem.br\/fisicaold\/site.dfi.uem.br\/pseudo-molecular-approach-for-the-elastic-constants-of-nematic-liquid-crystals-interacting-via-anisotropic-dispersion-forces\/index.html\">Pseudo-molecular approach for the elastic constants of nematic liquid crystals interacting via anisotropic dispersion forces<\/a><\/li><li class=\"\"><a href=\"http:\/\/www.dfi.uem.br\/fisicaold\/site.dfi.uem.br\/pulsed-photothermal-mirror-technique-characterization-of-opaque-materials\/index.html\">Pulsed photothermal mirror technique: characterization of opaque materials<\/a><\/li><li class=\"\"><a href=\"http:\/\/www.dfi.uem.br\/fisicaold\/site.dfi.uem.br\/p-136-electrical-color-and-intensity-tuning-in-cholesteric-reflective-display\/index.html\">P-136: Electrical Color and Intensity Tuning in Cholesteric Reflective Display<\/a><\/li><li class=\"\"><a href=\"http:\/\/www.dfi.uem.br\/fisicaold\/site.dfi.uem.br\/reaction-on-a-solid-surface-supplied-by-an-anomalous-mass-transfer-source\/index.html\">Reaction on a solid surface supplied by an anomalous mass transfer source<\/a><\/li><li class=\"\"><a href=\"http:\/\/www.dfi.uem.br\/fisicaold\/site.dfi.uem.br\/role-of-photophysics-processes-in-thermal-lens-spectroscopy-of-fluids-a-theoretical-study\/index.html\">Role of Photophysics Processes in Thermal Lens Spectroscopy of Fluids: A Theoretical Study<\/a><\/li><li class=\"\"><a href=\"http:\/\/www.dfi.uem.br\/fisicaold\/site.dfi.uem.br\/simulation-of-solar-curie-wheel-using-nife-alloy-and-gd-simulation-dune-roue-solaire-de-curie-utilisant-un-alliage-de-nife-et-de-gd\/index.html\">Simulation of solar Curie wheel using NiFe alloy and Gd Simulation d\u2019une roue solaire de Curie utilisant un alliage de NiFe et de Gd<\/a><\/li><li class=\"\"><a href=\"http:\/\/www.dfi.uem.br\/fisicaold\/site.dfi.uem.br\/sintese-liofilizacao-e-caracterizacao-de-acetato-de-57feiii\/index.html\">S\u00edntese, liofiliza\u00e7\u00e3o e caracteriza\u00e7\u00e3o de acetato de 57Fe(III)<\/a><\/li><li class=\"\"><a href=\"http:\/\/www.dfi.uem.br\/fisicaold\/site.dfi.uem.br\/spectroscopic-studies-and-downconversion-luminescence-in-oh%e2%88%92-free-pr3-yb3-co-doped-low-silica-calcium-aluminosilicate-glasses\/index.html\">Spectroscopic studies and downconversion luminescence in OH\u2212-free Pr3+\u2013Yb3+ co-doped low-silica calcium aluminosilicate glasses<\/a><\/li><li class=\"\"><a href=\"http:\/\/www.dfi.uem.br\/fisicaold\/site.dfi.uem.br\/structure-and-magnetic-properties-of-ba1-xlaxfe12o19-prepared-by-ba1-xlaxfe2o4\/index.html\">Structure and Magnetic Properties of Ba1-xLaxFe12O19 Prepared by Ba1-xLaxFe2O4<\/a><\/li><li class=\"\"><a href=\"http:\/\/www.dfi.uem.br\/fisicaold\/site.dfi.uem.br\/study-of-optical-conoscopy-in-uniaxial-and-biaxial-nematic-lyotropic-phases\/index.html\">Study of optical conoscopy in uniaxial and biaxial nematic lyotropic phases<\/a><\/li><li class=\"\"><a href=\"http:\/\/www.dfi.uem.br\/fisicaold\/site.dfi.uem.br\/temperature-coefficients-of-the-refractive-index-for-complex-hydrocarbon-mixtures\/index.html\">Temperature Coefficients of the Refractive Index for Complex Hydrocarbon Mixtures<\/a><\/li><li class=\"\"><a href=\"http:\/\/www.dfi.uem.br\/fisicaold\/site.dfi.uem.br\/the-phase-resolved-photoacoustic-method-to-indicate-chemical-assignments-of-paracetamol\/index.html\">The phase-resolved photoacoustic method to indicate chemical assignments of paracetamol<\/a><\/li><li class=\"\"><a href=\"http:\/\/www.dfi.uem.br\/fisicaold\/site.dfi.uem.br\/thermal-decomposition-synthesis-and-assessment-of-effects-on-blood-cells-and-in-vivo-damages-of-cobalt-ferrite-nanoparticles\/index.html\">Thermal Decomposition Synthesis and Assessment of Effects on Blood Cells and In Vivo Damages of Cobalt Ferrite Nanoparticles<\/a><\/li><li class=\"\"><a href=\"http:\/\/www.dfi.uem.br\/fisicaold\/site.dfi.uem.br\/time-dependent-schrodinger-like-equation-with-nonlocal-term\/index.html\">Time-dependent Schr\u00f6dinger-like equation with nonlocal term<\/a><\/li><li class=\"\"><a href=\"http:\/\/www.dfi.uem.br\/fisicaold\/site.dfi.uem.br\/tuning-ferroic-states-in-la-doped-bifeo3-pbtio3-displacive-multiferroic-compounds\/index.html\">Tuning ferroic states in La doped BiFeO3-PbTiO3 displacive multiferroic compounds<\/a><\/li><li class=\"\"><a href=\"http:\/\/www.dfi.uem.br\/fisicaold\/site.dfi.uem.br\/universal-bursty-behaviour-in-human-violent-conflicts\/index.html\">Universal bursty behaviour in human violent conflicts<\/a><\/li><li class=\"\"><a href=\"http:\/\/www.dfi.uem.br\/fisicaold\/site.dfi.uem.br\/unravelling-the-effects-of-radiation-forces-in-water\/index.html\">Unravelling the effects of radiation forces in water<\/a><\/li><li class=\"\"><a href=\"http:\/\/www.dfi.uem.br\/fisicaold\/site.dfi.uem.br\/white-light-emitting-kcleu2kcn-crystal-for-solid-state-lighting-devices\/index.html\">White-light-emitting KCl:Eu2+\/KCN crystal for solid-state lighting devices<\/a><\/li><li class=\"\"><a href=\"http:\/\/www.dfi.uem.br\/fisicaold\/site.dfi.uem.br\/zinc-oxide-composites-prepared-by-in-situ-process-uv-barrier-and-luminescence-properties\/index.html\">Zinc oxide composites prepared by in situ process: UV barrier and luminescence properties<\/a><\/li><\/ul>\n","protected":false},"excerpt":{"rendered":"<p>A framework to investigate the immittance responses for finite length-situations: fractional diffusion equation, reaction term, and boundary conditions A phenomenological model for ferroelectric domain walls and its implications for BiFeO3\u2013PbTiO3 multiferroic compounds Adsorption\u2013desorption phenomena and diffusion of neutral particles in the hyperbolic regime Anisotropic magnetocaloric effect in ErGa2 and HoGa2 single-crystals Are metabolites of Fusarium [&hellip;]<\/p>\n","protected":false},"author":1,"featured_media":0,"parent":0,"menu_order":0,"comment_status":"closed","ping_status":"closed","template":"","meta":{"footnotes":""},"_links":{"self":[{"href":"http:\/\/www.dfi.uem.br\/fisica\/index.php\/wp-json\/wp\/v2\/pages\/435"}],"collection":[{"href":"http:\/\/www.dfi.uem.br\/fisica\/index.php\/wp-json\/wp\/v2\/pages"}],"about":[{"href":"http:\/\/www.dfi.uem.br\/fisica\/index.php\/wp-json\/wp\/v2\/types\/page"}],"author":[{"embeddable":true,"href":"http:\/\/www.dfi.uem.br\/fisica\/index.php\/wp-json\/wp\/v2\/users\/1"}],"replies":[{"embeddable":true,"href":"http:\/\/www.dfi.uem.br\/fisica\/index.php\/wp-json\/wp\/v2\/comments?post=435"}],"version-history":[{"count":1,"href":"http:\/\/www.dfi.uem.br\/fisica\/index.php\/wp-json\/wp\/v2\/pages\/435\/revisions"}],"predecessor-version":[{"id":437,"href":"http:\/\/www.dfi.uem.br\/fisica\/index.php\/wp-json\/wp\/v2\/pages\/435\/revisions\/437"}],"wp:attachment":[{"href":"http:\/\/www.dfi.uem.br\/fisica\/index.php\/wp-json\/wp\/v2\/media?parent=435"}],"curies":[{"name":"wp","href":"https:\/\/api.w.org\/{rel}","templated":true}]}}