{"id":421,"date":"2022-05-13T10:51:17","date_gmt":"2022-05-13T13:51:17","guid":{"rendered":"http:\/\/www.dfi.uem.br\/fisica\/?page_id=421"},"modified":"2022-05-13T11:23:46","modified_gmt":"2022-05-13T14:23:46","slug":"dfi","status":"publish","type":"page","link":"http:\/\/www.dfi.uem.br\/fisica\/index.php\/dfi\/","title":{"rendered":"DFI"},"content":{"rendered":"\n<p class=\"has-medium-font-size\" style=\"font-style:normal;font-weight:700\">Artigos<\/p>\n\n\n\n<ul><li><a href=\"http:\/\/www.dfi.uem.br\/fisica\/index.php\/2015-2\/\" data-type=\"page\" data-id=\"431\">2015<\/a><\/li><li><a href=\"http:\/\/www.dfi.uem.br\/fisica\/index.php\/2014-2\/\" data-type=\"page\" data-id=\"435\">2014<\/a><\/li><li><a href=\"http:\/\/www.dfi.uem.br\/fisica\/index.php\/2013-2\/\" data-type=\"page\" data-id=\"438\">2013<\/a><\/li><\/ul>\n\n\n\n<p class=\"has-medium-font-size\" style=\"font-style:normal;font-weight:700\">Livros<\/p>\n\n\n\n<ul><li>2018<ul><li><a href=\"http:\/\/www.dfi.uem.br\/fisicaold\/site.dfi.uem.br\/industrial-irradiators-and-their-radioprotection\/index.html\">Industrial Irradiators and their Radioprotection<\/a><\/li><\/ul><\/li><li>2015<ul><li><a href=\"http:\/\/www.dfi.uem.br\/fisicaold\/site.dfi.uem.br\/perspectivas-em-historia-da-fisica-da-fisica-dos-gases-a-mecanica-estatistica\/index.html\">Perspectivas em Hist\u00f3ria da F\u00edsica \u2013 Da F\u00edsica dos Gases \u00e0 Mec\u00e2nica Estat\u00edstica<\/a><\/li><\/ul><\/li><li>2014<ul><li><a href=\"http:\/\/www.dfi.uem.br\/fisicaold\/site.dfi.uem.br\/exact-solution-for-a-diffusive-process-on-a-backbone-structure-green-function-approach-and-external-force\/index.html\">Exact solution for a diffusive process on a backbone structure: Green function approach and external force<\/a><\/li><li><a href=\"http:\/\/www.dfi.uem.br\/fisicaold\/site.dfi.uem.br\/entre-solidos-e-liquidos-uma-visao-contemporanea-e-multidisciplinar-para-a-formacao-de-professores-e-divulgacao-do-conhecimento\/index.html\">ENTRE S\u00d3LIDOS E L\u00cdQUIDOS \u2013 uma vis\u00e3o contempor\u00e2nea e multidisciplinar \u2013 para a forma\u00e7\u00e3o de professores e divulga\u00e7\u00e3o do conhecimento<\/a><\/li><\/ul><\/li><li>2013<ul><li><a href=\"http:\/\/www.dfi.uem.br\/fisicaold\/site.dfi.uem.br\/statistics-dynamics-and-football\/index.html\">Statistics, dynamics and football<\/a><\/li><\/ul><\/li><\/ul>\n\n\n\n<p class=\"has-medium-font-size\" style=\"font-style:normal;font-weight:700\">Projetos de Pesquisa<\/p>\n\n\n\n<ul><li><a href=\"http:\/\/www.dfi.uem.br\/fisicaold\/site.dfi.uem.br\/producoes\/projetos-de-pesquisa\/index.html#\">2015<\/a><\/li><li><a href=\"http:\/\/www.dfi.uem.br\/fisicaold\/site.dfi.uem.br\/producoes\/projetos-de-pesquisa\/index.html#\">2014<\/a><\/li><li><a href=\"http:\/\/www.dfi.uem.br\/fisicaold\/site.dfi.uem.br\/producoes\/projetos-de-pesquisa\/index.html#\">2013<\/a><\/li><li><a href=\"http:\/\/www.dfi.uem.br\/fisicaold\/site.dfi.uem.br\/producoes\/projetos-de-pesquisa\/index.html#\">2012<\/a><\/li><li><a href=\"http:\/\/www.dfi.uem.br\/fisicaold\/site.dfi.uem.br\/producoes\/projetos-de-pesquisa\/index.html#\">2010<\/a><\/li><li><a href=\"http:\/\/www.dfi.uem.br\/fisicaold\/site.dfi.uem.br\/producoes\/projetos-de-pesquisa\/index.html#\">2009<\/a><\/li><li><a href=\"http:\/\/www.dfi.uem.br\/fisicaold\/site.dfi.uem.br\/producoes\/projetos-de-pesquisa\/index.html#\">2008<\/a><\/li><li><a href=\"http:\/\/www.dfi.uem.br\/fisicaold\/site.dfi.uem.br\/producoes\/projetos-de-pesquisa\/index.html#\">1997<\/a><\/li><\/ul>\n\n\n\n<p><\/p>\n","protected":false},"excerpt":{"rendered":"<p>Artigos 2015 2014 2013 Livros 2018 Industrial Irradiators and their Radioprotection 2015 Perspectivas em Hist\u00f3ria da F\u00edsica \u2013 Da F\u00edsica dos Gases \u00e0 Mec\u00e2nica Estat\u00edstica 2014 Exact solution for a diffusive process on a backbone structure: Green function approach and external force ENTRE S\u00d3LIDOS E L\u00cdQUIDOS \u2013 uma vis\u00e3o contempor\u00e2nea e multidisciplinar \u2013 para a [&hellip;]<\/p>\n","protected":false},"author":1,"featured_media":0,"parent":0,"menu_order":0,"comment_status":"closed","ping_status":"closed","template":"","meta":{"footnotes":""},"_links":{"self":[{"href":"http:\/\/www.dfi.uem.br\/fisica\/index.php\/wp-json\/wp\/v2\/pages\/421"}],"collection":[{"href":"http:\/\/www.dfi.uem.br\/fisica\/index.php\/wp-json\/wp\/v2\/pages"}],"about":[{"href":"http:\/\/www.dfi.uem.br\/fisica\/index.php\/wp-json\/wp\/v2\/types\/page"}],"author":[{"embeddable":true,"href":"http:\/\/www.dfi.uem.br\/fisica\/index.php\/wp-json\/wp\/v2\/users\/1"}],"replies":[{"embeddable":true,"href":"http:\/\/www.dfi.uem.br\/fisica\/index.php\/wp-json\/wp\/v2\/comments?post=421"}],"version-history":[{"count":12,"href":"http:\/\/www.dfi.uem.br\/fisica\/index.php\/wp-json\/wp\/v2\/pages\/421\/revisions"}],"predecessor-version":[{"id":460,"href":"http:\/\/www.dfi.uem.br\/fisica\/index.php\/wp-json\/wp\/v2\/pages\/421\/revisions\/460"}],"wp:attachment":[{"href":"http:\/\/www.dfi.uem.br\/fisica\/index.php\/wp-json\/wp\/v2\/media?parent=421"}],"curies":[{"name":"wp","href":"https:\/\/api.w.org\/{rel}","templated":true}]}}