{"id":41,"date":"2021-09-30T17:21:48","date_gmt":"2021-09-30T20:21:48","guid":{"rendered":"http:\/\/www.dfi.uem.br\/fisica\/?page_id=41"},"modified":"2021-09-30T17:21:49","modified_gmt":"2021-09-30T20:21:49","slug":"historico","status":"publish","type":"page","link":"http:\/\/www.dfi.uem.br\/fisica\/index.php\/historico\/","title":{"rendered":"Hist\u00f3rico"},"content":{"rendered":"\n<p align=\"justify\"> &nbsp;Curso de Gradua\u00e7\u00e3o em F\u00edsica foi criado em 1972, e reconhecido em 1976. A&nbsp;<em>Licenciatura em F\u00edsica<\/em>&nbsp;teve in\u00edcio no ano de 1973, no per\u00edodo noturno, em regime semestral de cr\u00e9ditos e com 3 curr\u00edculos distintos.&nbsp;A habilita\u00e7\u00e3o do&nbsp;<em>Bacharelado em F\u00edsica<\/em>&nbsp;foi criada em 1987, e no 1\u00ba. semestre de 1988 passou a vigorar as duas modalidades de forma\u00e7\u00e3o com um outro curr\u00edculo. Em 1992, com a aprova\u00e7\u00e3o do regime de seria\u00e7\u00e3o anual na Universidade, foi reformulado o curr\u00edculo da gradua\u00e7\u00e3o em F\u00edsica. Neste particular, a matriz curricular foi dividida em 4 s\u00e9ries, sendo as duas primeiras comuns \u00e0s habilita\u00e7\u00f5es existentes; a partir da 3\u00aa. s\u00e9rie ficou facultado ao estudante optar pela Licenciatura em F\u00edsica e\/ou pelo Bacharelado em F\u00edsica.&nbsp;Em atendimento a nova Lei de Diretrizes e Bases da Educa\u00e7\u00e3o Nacional (Lei Federal n\u00ba. 9.394, de 20 de dezembro de 1996) e legisla\u00e7\u00e3o complementar, a partir de 2001 passou a vigorar outro curr\u00edculo que trouxe mudan\u00e7as principalmente na habilita\u00e7\u00e3o Licenciatura, como a altera\u00e7\u00e3o da carga hor\u00e1ria de Pr\u00e1tica de Ensino.<\/p>\n","protected":false},"excerpt":{"rendered":"<p>&nbsp;Curso de Gradua\u00e7\u00e3o em F\u00edsica foi criado em 1972, e reconhecido em 1976. A&nbsp;Licenciatura em F\u00edsica&nbsp;teve in\u00edcio no ano de 1973, no per\u00edodo noturno, em regime semestral de cr\u00e9ditos e com 3 curr\u00edculos distintos.&nbsp;A habilita\u00e7\u00e3o do&nbsp;Bacharelado em F\u00edsica&nbsp;foi criada em 1987, e no 1\u00ba. semestre de 1988 passou a vigorar as duas modalidades de forma\u00e7\u00e3o [&hellip;]<\/p>\n","protected":false},"author":1,"featured_media":0,"parent":0,"menu_order":0,"comment_status":"closed","ping_status":"closed","template":"","meta":{"footnotes":""},"_links":{"self":[{"href":"http:\/\/www.dfi.uem.br\/fisica\/index.php\/wp-json\/wp\/v2\/pages\/41"}],"collection":[{"href":"http:\/\/www.dfi.uem.br\/fisica\/index.php\/wp-json\/wp\/v2\/pages"}],"about":[{"href":"http:\/\/www.dfi.uem.br\/fisica\/index.php\/wp-json\/wp\/v2\/types\/page"}],"author":[{"embeddable":true,"href":"http:\/\/www.dfi.uem.br\/fisica\/index.php\/wp-json\/wp\/v2\/users\/1"}],"replies":[{"embeddable":true,"href":"http:\/\/www.dfi.uem.br\/fisica\/index.php\/wp-json\/wp\/v2\/comments?post=41"}],"version-history":[{"count":2,"href":"http:\/\/www.dfi.uem.br\/fisica\/index.php\/wp-json\/wp\/v2\/pages\/41\/revisions"}],"predecessor-version":[{"id":44,"href":"http:\/\/www.dfi.uem.br\/fisica\/index.php\/wp-json\/wp\/v2\/pages\/41\/revisions\/44"}],"wp:attachment":[{"href":"http:\/\/www.dfi.uem.br\/fisica\/index.php\/wp-json\/wp\/v2\/media?parent=41"}],"curies":[{"name":"wp","href":"https:\/\/api.w.org\/{rel}","templated":true}]}}