{"id":401,"date":"2022-05-04T16:06:42","date_gmt":"2022-05-04T19:06:42","guid":{"rendered":"http:\/\/www.dfi.uem.br\/fisica\/?page_id=401"},"modified":"2022-05-04T16:06:42","modified_gmt":"2022-05-04T19:06:42","slug":"pessoas","status":"publish","type":"page","link":"http:\/\/www.dfi.uem.br\/fisica\/index.php\/pessoas\/","title":{"rendered":"Pessoas"},"content":{"rendered":"\n<div class=\"wp-block-columns is-layout-flex wp-container-core-columns-is-layout-1 wp-block-columns-is-layout-flex\">\n<div class=\"wp-block-column is-layout-flow wp-block-column-is-layout-flow\">\n<p class=\"has-drop-cap\">O Departamento de F\u00edsica\u00a0conta com 39 professores efetivos e 12 professores tempor\u00e1rios. Os professores do DFI ministram aulas para v\u00e1rios cursos de gradua\u00e7\u00e3o e p\u00f3s-gradua\u00e7\u00e3o de toda a UEM. O DFI tamb\u00e9m desenvolve pesquisas em diversas linhas. O corpo docente \u00e9 composto de aproximadamente 70% de pesquisadores nas \u00e1reas experimentais e 30% nas \u00e1reas te\u00f3ricas. Al\u00e9m das atividades individuais, as colabora\u00e7\u00f5es entre pesquisadores dos diversos grupos contribui\u00a0para uma forma\u00e7\u00e3o mais ampla dos estudantes. Membros dos programas de Mestrado e Doutorado e estudantes tamb\u00e9m est\u00e3o envolvidos em colabora\u00e7\u00f5es com pesquisadores de outras institui\u00e7\u00f5es nacionais e internacionais atrav\u00e9s de projetos nacionais.<\/p>\n<\/div>\n\n\n\n<div class=\"wp-block-column is-layout-flow wp-block-column-is-layout-flow\">\n<div class=\"wp-block-image\"><figure class=\"aligncenter\"><img decoding=\"async\" src=\"http:\/\/www.dfi.uem.br\/fisicaold\/site.dfi.uem.br\/wp-content\/uploads\/2015\/11\/Pessoas-e1448555639328.jpg\" alt=\"\"\/><\/figure><\/div>\n<\/div>\n<\/div>\n","protected":false},"excerpt":{"rendered":"<p>O Departamento de F\u00edsica\u00a0conta com 39 professores efetivos e 12 professores tempor\u00e1rios. Os professores do DFI ministram aulas para v\u00e1rios cursos de gradua\u00e7\u00e3o e p\u00f3s-gradua\u00e7\u00e3o de toda a UEM. O DFI tamb\u00e9m desenvolve pesquisas em diversas linhas. O corpo docente \u00e9 composto de aproximadamente 70% de pesquisadores nas \u00e1reas experimentais e 30% nas \u00e1reas te\u00f3ricas. [&hellip;]<\/p>\n","protected":false},"author":1,"featured_media":0,"parent":0,"menu_order":0,"comment_status":"closed","ping_status":"closed","template":"","meta":{"footnotes":""},"_links":{"self":[{"href":"http:\/\/www.dfi.uem.br\/fisica\/index.php\/wp-json\/wp\/v2\/pages\/401"}],"collection":[{"href":"http:\/\/www.dfi.uem.br\/fisica\/index.php\/wp-json\/wp\/v2\/pages"}],"about":[{"href":"http:\/\/www.dfi.uem.br\/fisica\/index.php\/wp-json\/wp\/v2\/types\/page"}],"author":[{"embeddable":true,"href":"http:\/\/www.dfi.uem.br\/fisica\/index.php\/wp-json\/wp\/v2\/users\/1"}],"replies":[{"embeddable":true,"href":"http:\/\/www.dfi.uem.br\/fisica\/index.php\/wp-json\/wp\/v2\/comments?post=401"}],"version-history":[{"count":1,"href":"http:\/\/www.dfi.uem.br\/fisica\/index.php\/wp-json\/wp\/v2\/pages\/401\/revisions"}],"predecessor-version":[{"id":402,"href":"http:\/\/www.dfi.uem.br\/fisica\/index.php\/wp-json\/wp\/v2\/pages\/401\/revisions\/402"}],"wp:attachment":[{"href":"http:\/\/www.dfi.uem.br\/fisica\/index.php\/wp-json\/wp\/v2\/media?parent=401"}],"curies":[{"name":"wp","href":"https:\/\/api.w.org\/{rel}","templated":true}]}}