{"id":37,"date":"2021-09-30T17:10:43","date_gmt":"2021-09-30T20:10:43","guid":{"rendered":"http:\/\/www.dfi.uem.br\/fisica\/?page_id=37"},"modified":"2025-11-03T00:27:20","modified_gmt":"2025-11-03T02:27:20","slug":"apresentacao","status":"publish","type":"page","link":"http:\/\/www.dfi.uem.br\/fisica\/","title":{"rendered":"Apresenta\u00e7\u00e3o"},"content":{"rendered":"\n<figure class=\"wp-block-image alignright size-medium is-resized has-custom-border is-style-rounded\"><img loading=\"lazy\" decoding=\"async\" width=\"300\" height=\"300\" src=\"http:\/\/www.dfi.uem.br\/fisica\/wp-content\/uploads\/2022\/12\/50ANOSDFI-300x300.jpg\" alt=\"\" class=\"has-border-color has-vivid-cyan-blue-border-color wp-image-759\" style=\"border-width:4px;width:300px;height:300px\" srcset=\"http:\/\/www.dfi.uem.br\/fisica\/wp-content\/uploads\/2022\/12\/50ANOSDFI-300x300.jpg 300w, http:\/\/www.dfi.uem.br\/fisica\/wp-content\/uploads\/2022\/12\/50ANOSDFI-150x150.jpg 150w, http:\/\/www.dfi.uem.br\/fisica\/wp-content\/uploads\/2022\/12\/50ANOSDFI-768x768.jpg 768w, http:\/\/www.dfi.uem.br\/fisica\/wp-content\/uploads\/2022\/12\/50ANOSDFI.jpg 1024w\" sizes=\"(max-width: 300px) 100vw, 300px\" \/><\/figure>\n\n\n\n<p>O Curso de <a href=\"http:\/\/www.dfi.uem.br\/fisica\/index.php\/dados-do-curso\/\">Gradua\u00e7\u00e3o em F\u00edsica <\/a>foi criado em 1972, e reconhecido em 1976. A<a href=\"http:\/\/www.dfi.uem.br\/fisica\/index.php\/matriz-curricular\/\"> Licenciatura em F\u00edsica<\/a> teve in\u00edcio no ano de 1973, no per\u00edodo noturno, em regime semestral de cr\u00e9ditos e com 3 curr\u00edculos distintos.&nbsp;A habilita\u00e7\u00e3o do <a href=\"http:\/\/www.dfi.uem.br\/fisica\/index.php\/matriz-curricular\/#:~:text=BACHARELADO%20EM%20F%C3%8DSICA\">Bacharelado em F\u00edsica<\/a> foi criada em 1987, e no primeiro semestre de 1988 passou a vigorar as duas modalidades de forma\u00e7\u00e3o com curr\u00edculo diferenciado. Em 1992, com a aprova\u00e7\u00e3o do regime de seria\u00e7\u00e3o anual na Universidade, foi reformulado o curr\u00edculo da <a href=\"http:\/\/www.dfi.uem.br\/fisica\/index.php\/dados-do-curso\/\">gradua\u00e7\u00e3o em F\u00edsica<\/a>. Neste particular, a <a href=\"http:\/\/www.dfi.uem.br\/fisica\/index.php\/matriz-curricular\/\">matriz curricular<\/a> foi dividida em 4 s\u00e9ries, sendo as duas primeiras comuns \u00e0s habilita\u00e7\u00f5es existentes; a partir da 3\u00aa s\u00e9rie ficou facultado ao estudante optar pela <a href=\"http:\/\/www.dfi.uem.br\/fisica\/index.php\/matriz-curricular\/\">Licenciatura em F\u00edsica<\/a> e\/ou pelo <a href=\"http:\/\/www.dfi.uem.br\/fisica\/index.php\/matriz-curricular\/#:~:text=BACHARELADO%20EM%20F%C3%8DSICA\">Bacharelado em F\u00edsica<\/a>.&nbsp;Em atendimento a nova Lei de Diretrizes e Bases da Educa\u00e7\u00e3o Nacional (Lei Federal n\u00ba. 9.394, de 20 de dezembro de 1996) e legisla\u00e7\u00e3o complementar, a partir de 2001 passou a vigorar outro curr\u00edculo que trouxe mudan\u00e7as principalmente na habilita\u00e7\u00e3o Licenciatura, como a altera\u00e7\u00e3o da carga hor\u00e1ria de Pr\u00e1tica de Ensino<\/p>\n\n\n\n<div class=\"wp-block-buttons is-horizontal is-content-justification-center is-layout-flex wp-container-core-buttons-is-layout-1 wp-block-buttons-is-layout-flex\">\n<div class=\"wp-block-button has-custom-width wp-block-button__width-100 is-style-fill\"><a class=\"wp-block-button__link wp-element-button\" href=\"http:\/\/www.dfi.uem.br\/fisica\/index.php\/1045-2\/\">XXXII Semana da F\u00edsica<\/a><\/div>\n<\/div>\n\n\n\n<hr class=\"wp-block-separator has-alpha-channel-opacity is-style-wide\"\/>\n\n\n\n<div class=\"wp-block-buttons is-content-justification-left is-layout-flex wp-container-core-buttons-is-layout-2 wp-block-buttons-is-layout-flex\">\n<div class=\"wp-block-button has-custom-font-size is-style-fill has-small-font-size\"><a class=\"wp-block-button__link wp-element-button\" href=\"https:\/\/www.google.com\/maps\/d\/viewer?mid=1QMBAceSYThopTvxLlAc_7PG5Ell4k5Y&amp;ll=-23.404675000000022%2C-51.939206999999996&amp;z=16\" target=\"_blank\" rel=\"noreferrer noopener\">Mapa do Campus<\/a><\/div>\n\n\n\n<div class=\"wp-block-button has-custom-font-size is-style-fill has-small-font-size\"><a class=\"wp-block-button__link wp-element-button\" href=\"http:\/\/www.dfi.uem.br\/fisica\/index.php\/infraestrutura\/\" rel=\"\">Fotos Departamento<\/a><\/div>\n\n\n\n<div class=\"wp-block-button has-custom-font-size is-style-fill has-small-font-size\"><a class=\"wp-block-button__link wp-element-button\" href=\"http:\/\/www.dfi.uem.br\/fisica\/index.php\/__trashed\/\">Presta\u00e7\u00e3o de Servi\u00e7os<\/a><\/div>\n\n\n\n<div class=\"wp-block-button has-custom-font-size is-style-fill has-small-font-size\"><a class=\"wp-block-button__link wp-element-button\" href=\"http:\/\/www.dfi.uem.br\/fisica\/index.php\/projetos-de-extensao\/\">Projeto de Extens\u00e3o<\/a><\/div>\n<\/div>\n\n\n\n<p><\/p>\n\n\n\n<figure class=\"wp-block-image aligncenter size-full is-resized is-style-rounded\"><a href=\"http:\/\/www.dfi.uem.br\/fisica\/index.php\/900-2\"><img loading=\"lazy\" decoding=\"async\" width=\"735\" height=\"268\" src=\"http:\/\/www.dfi.uem.br\/fisica\/wp-content\/uploads\/2022\/07\/monitoria.png\" alt=\"\" class=\"wp-image-623\" style=\"width:289px;height:106px\" srcset=\"http:\/\/www.dfi.uem.br\/fisica\/wp-content\/uploads\/2022\/07\/monitoria.png 735w, http:\/\/www.dfi.uem.br\/fisica\/wp-content\/uploads\/2022\/07\/monitoria-300x109.png 300w\" sizes=\"(max-width: 735px) 100vw, 735px\" \/><\/a><\/figure>\n\n\n\n<p><\/p>\n","protected":false},"excerpt":{"rendered":"<p>O Curso de Gradua\u00e7\u00e3o em F\u00edsica foi criado em 1972, e reconhecido em 1976. A Licenciatura em F\u00edsica teve in\u00edcio no ano de 1973, no per\u00edodo noturno, em regime semestral de cr\u00e9ditos e com 3 curr\u00edculos distintos.&nbsp;A habilita\u00e7\u00e3o do Bacharelado em F\u00edsica foi criada em 1987, e no primeiro semestre de 1988 passou a vigorar [&hellip;]<\/p>\n","protected":false},"author":1,"featured_media":0,"parent":0,"menu_order":0,"comment_status":"closed","ping_status":"closed","template":"","meta":{"footnotes":""},"_links":{"self":[{"href":"http:\/\/www.dfi.uem.br\/fisica\/index.php\/wp-json\/wp\/v2\/pages\/37"}],"collection":[{"href":"http:\/\/www.dfi.uem.br\/fisica\/index.php\/wp-json\/wp\/v2\/pages"}],"about":[{"href":"http:\/\/www.dfi.uem.br\/fisica\/index.php\/wp-json\/wp\/v2\/types\/page"}],"author":[{"embeddable":true,"href":"http:\/\/www.dfi.uem.br\/fisica\/index.php\/wp-json\/wp\/v2\/users\/1"}],"replies":[{"embeddable":true,"href":"http:\/\/www.dfi.uem.br\/fisica\/index.php\/wp-json\/wp\/v2\/comments?post=37"}],"version-history":[{"count":29,"href":"http:\/\/www.dfi.uem.br\/fisica\/index.php\/wp-json\/wp\/v2\/pages\/37\/revisions"}],"predecessor-version":[{"id":1238,"href":"http:\/\/www.dfi.uem.br\/fisica\/index.php\/wp-json\/wp\/v2\/pages\/37\/revisions\/1238"}],"wp:attachment":[{"href":"http:\/\/www.dfi.uem.br\/fisica\/index.php\/wp-json\/wp\/v2\/media?parent=37"}],"curies":[{"name":"wp","href":"https:\/\/api.w.org\/{rel}","templated":true}]}}