{"id":358,"date":"2022-05-04T15:47:57","date_gmt":"2022-05-04T18:47:57","guid":{"rendered":"http:\/\/www.dfi.uem.br\/fisica\/?page_id=358"},"modified":"2022-05-04T15:47:57","modified_gmt":"2022-05-04T18:47:57","slug":"luciano-gonsalves-costa","status":"publish","type":"page","link":"http:\/\/www.dfi.uem.br\/fisica\/index.php\/luciano-gonsalves-costa\/","title":{"rendered":"Luciano Gonsalves Costa"},"content":{"rendered":"\n<div class=\"wp-block-columns is-layout-flex wp-container-core-columns-is-layout-1 wp-block-columns-is-layout-flex\">\n<div class=\"wp-block-column is-layout-flow wp-block-column-is-layout-flow\">\n<div class=\"wp-block-image\"><figure class=\"aligncenter is-resized\"><a href=\"http:\/\/www.dfi.uem.br\/fisicaold\/site.dfi.uem.br\/wp-content\/uploads\/2016\/09\/Luciano-Gonsalves-Costa.jpg\"><img loading=\"lazy\" decoding=\"async\" src=\"http:\/\/www.dfi.uem.br\/fisicaold\/site.dfi.uem.br\/wp-content\/uploads\/2016\/09\/Luciano-Gonsalves-Costa-214x300.jpg\" alt=\"luciano-gonsalves-costa\" class=\"wp-image-5838\" width=\"340\" height=\"476\"\/><\/a><\/figure><\/div>\n<\/div>\n\n\n\n<div class=\"wp-block-column is-layout-flow wp-block-column-is-layout-flow\">\n<p><strong>FORMA\u00c7\u00c3O:<\/strong>&nbsp;Gradua\u00e7\u00e3o em F\u00edsica (UEM, 1995), Mestrado em F\u00edsica (UEM, 2000), Doutorado em Inform\u00e1tica na Educa\u00e7\u00e3o (UFRGS, 2004) e P\u00f3s-Doutorado em Educa\u00e7\u00e3o em Ci\u00eancia-Ensino de F\u00edsica (USP\/IFSC, 2012).ENVOLVIMENTO INSTITUCIONAL: Coordenador da Gradua\u00e7\u00e3o em F\u00edsica\/UEM em 2008-2010, e Vice-Coordenador em 2004-2005. Coordenador do Mestrado Profissional em Ensino de F\u00edsica\/UEM em 2014-2016, e Vice-Coordenador em 2014-2016. Membro do Programa Multidisciplinar de Pesquisa e Apoio \u00e0 Pessoa com Defici\u00eancia e Necessidades Educativas Especiais (PROPAE). PROJETOS FINANCIADOS: Pesquisa em Educa\u00e7\u00e3o em Ci\u00eancias para Portadores de Necessidades Especiais; Alfabetiza\u00e7\u00e3o Cient\u00edfica e Inclus\u00e3o Social; TICs na Educa\u00e7\u00e3o: Atualidades Pedag\u00f3gicas no R\u00e1dio; M\u00eddias e TICs a Servi\u00e7o da Educa\u00e7\u00e3o: Atualidades Pedag\u00f3gicas e Difus\u00e3o de Objetos de Aprendizagem. PUBLICA\u00c7\u00d5ES\/ORIENTA\u00c7\u00d5ES:&nbsp;<a href=\"http:\/\/www.scirp.org\/journal\/PaperInformation.aspx?PaperID=48788\" target=\"_blank\" rel=\"noreferrer noopener\">conhe\u00e7a trabalho(s) internacional (is)<\/a>; demais vide&nbsp;<a href=\"http:\/\/lattes.cnpq.br\/2854189961084292\" target=\"_blank\" rel=\"noreferrer noopener\">C.Lattes<\/a>. \u00c1REAS\/LINHAS DE PESQUISA: vide&nbsp;<a href=\"http:\/\/www.dfi.uem.br\/dfimestrado\" target=\"_blank\" rel=\"noreferrer noopener\">Mestrado Profissional em Ensino de F\u00edsica<\/a>. TEMAS DE INTERESSE: Ensino de F\u00edsica e Ci\u00eancias, Did\u00e1tica da F\u00edsica, Inform\u00e1tica na Educa\u00e7\u00e3o (Recursos Educacionais Abertos; Objetos de Aprendizagem), Educa\u00e7\u00e3o Inclusiva e Tecnologia Assistiva.<\/p>\n\n\n\n<ul><li>luciano@dfi.uem.br<\/li><li>3011-5906<\/li><li>Bloco\/sala: G56-06<\/li><\/ul>\n<\/div>\n<\/div>\n","protected":false},"excerpt":{"rendered":"<p>FORMA\u00c7\u00c3O:&nbsp;Gradua\u00e7\u00e3o em F\u00edsica (UEM, 1995), Mestrado em F\u00edsica (UEM, 2000), Doutorado em Inform\u00e1tica na Educa\u00e7\u00e3o (UFRGS, 2004) e P\u00f3s-Doutorado em Educa\u00e7\u00e3o em Ci\u00eancia-Ensino de F\u00edsica (USP\/IFSC, 2012).ENVOLVIMENTO INSTITUCIONAL: Coordenador da Gradua\u00e7\u00e3o em F\u00edsica\/UEM em 2008-2010, e Vice-Coordenador em 2004-2005. Coordenador do Mestrado Profissional em Ensino de F\u00edsica\/UEM em 2014-2016, e Vice-Coordenador em 2014-2016. Membro do [&hellip;]<\/p>\n","protected":false},"author":1,"featured_media":0,"parent":0,"menu_order":0,"comment_status":"closed","ping_status":"closed","template":"","meta":{"footnotes":""},"_links":{"self":[{"href":"http:\/\/www.dfi.uem.br\/fisica\/index.php\/wp-json\/wp\/v2\/pages\/358"}],"collection":[{"href":"http:\/\/www.dfi.uem.br\/fisica\/index.php\/wp-json\/wp\/v2\/pages"}],"about":[{"href":"http:\/\/www.dfi.uem.br\/fisica\/index.php\/wp-json\/wp\/v2\/types\/page"}],"author":[{"embeddable":true,"href":"http:\/\/www.dfi.uem.br\/fisica\/index.php\/wp-json\/wp\/v2\/users\/1"}],"replies":[{"embeddable":true,"href":"http:\/\/www.dfi.uem.br\/fisica\/index.php\/wp-json\/wp\/v2\/comments?post=358"}],"version-history":[{"count":1,"href":"http:\/\/www.dfi.uem.br\/fisica\/index.php\/wp-json\/wp\/v2\/pages\/358\/revisions"}],"predecessor-version":[{"id":360,"href":"http:\/\/www.dfi.uem.br\/fisica\/index.php\/wp-json\/wp\/v2\/pages\/358\/revisions\/360"}],"wp:attachment":[{"href":"http:\/\/www.dfi.uem.br\/fisica\/index.php\/wp-json\/wp\/v2\/media?parent=358"}],"curies":[{"name":"wp","href":"https:\/\/api.w.org\/{rel}","templated":true}]}}