{"id":290,"date":"2022-05-04T14:57:33","date_gmt":"2022-05-04T17:57:33","guid":{"rendered":"http:\/\/www.dfi.uem.br\/fisica\/?page_id=290"},"modified":"2023-03-23T18:03:54","modified_gmt":"2023-03-23T21:03:54","slug":"docentes","status":"publish","type":"page","link":"http:\/\/www.dfi.uem.br\/fisica\/index.php\/docentes\/","title":{"rendered":"Docentes"},"content":{"rendered":"\n<div class=\"wp-block-columns is-layout-flex wp-container-core-columns-is-layout-1 wp-block-columns-is-layout-flex\" style=\"padding-top:0;padding-right:0;padding-bottom:0;padding-left:0\">\n<div class=\"wp-block-column is-layout-flow wp-block-column-is-layout-flow\">\n<figure class=\"wp-block-table\" style=\"font-size:12px\"><table><thead><tr><th>Professores Efetivos<\/th><\/tr><\/thead><tbody><tr><td><a href=\"http:\/\/www.dfi.uem.br\/fisica\/index.php\/anderson-reginaldo-sampaio\/\" data-type=\"page\" data-id=\"300\">ANDERSON REGINALDO SAMPAIO<br><\/a><a href=\"http:\/\/www.dfi.uem.br\/fisica\/index.php\/andrea-paesano-junior\/\">ANDREA PAESANO JUNIOR<\/a><br><a href=\"http:\/\/www.dfi.uem.br\/fisica\/index.php\/antonio-carlos-bento\/\" data-type=\"page\" data-id=\"306\">ANTONIO CARLOS BENTO<br><\/a><a href=\"http:\/\/www.dfi.uem.br\/fisica\/index.php\/antonio-medina-neto\/\" data-type=\"page\" data-id=\"311\">ANTONIO MEDINA NETO<br><\/a><a href=\"http:\/\/www.dfi.uem.br\/fisica\/index.php\/bruno-ferraz-de-oliveira\/\" data-type=\"page\" data-id=\"313\">BRENO FERRAZ DE OLIVEIRA<br><\/a><a href=\"http:\/\/www.dfi.uem.br\/fisica\/index.php\/daniel-gardelli\/\" data-type=\"page\" data-id=\"316\">DANIEL GARDELLI<br><\/a><a href=\"http:\/\/www.dfi.uem.br\/fisica\/index.php\/fernando-carlos-messias-freire\/\" data-type=\"page\" data-id=\"319\">FERNANDO CARLOS MESSIAS FREIRE<br><\/a><a href=\"http:\/\/www.dfi.uem.br\/fisica\/index.php\/flavio-francisco-ivashita\/\" data-type=\"page\" data-id=\"322\">FLAVIO FRANCISCO IVASHITA<br><\/a><a href=\"http:\/\/www.dfi.uem.br\/fisica\/index.php\/franciellesato\/\" data-type=\"page\" data-id=\"325\">FRANCIELLE SATO<br><\/a><a href=\"http:\/\/www.dfi.uem.br\/fisica\/index.php\/gustavo-sanguino-dias\/\" data-type=\"page\" data-id=\"328\">GUSTAVO SANGUINO DIAS<br><\/a><a href=\"http:\/\/www.dfi.uem.br\/fisica\/index.php\/haroldo-valentin-riveiro\/\" data-type=\"page\" data-id=\"331\">HAROLDO VALENTIN RIBEIRO<br><\/a><a href=\"http:\/\/www.dfi.uem.br\/fisica\/index.php\/hatsumi-mukai\/\" data-type=\"page\" data-id=\"334\">HATSUMI MUKAI<br><\/a><a href=\"http:\/\/www.dfi.uem.br\/fisica\/index.php\/ivair-aparecido-dos-santos\/\" data-type=\"page\" data-id=\"336\">IVAIR APARECIDO DOS SANTOS<br><\/a><a href=\"http:\/\/www.dfi.uem.br\/fisica\/index.php\/jose-roberto-dias-pereira\/\" data-type=\"page\" data-id=\"340\">JOS\u00c9 ROBERTO DIAS PEREIRA<br><\/a><a href=\"http:\/\/www.dfi.uem.br\/fisica\/index.php\/jurandir-hillmann-rohling\/\" data-type=\"page\" data-id=\"344\">JURANDIR HILLMANN ROHLING<br><\/a><a href=\"http:\/\/www.dfi.uem.br\/fisica\/index.php\/jusmar-valentin-bellini\/\" data-type=\"page\" data-id=\"346\">JUSMAR VALENTIN BELLINI<br><\/a><a href=\"http:\/\/www.dfi.uem.br\/fisica\/index.php\/klebson-lucenildo-da-silva\/\" data-type=\"page\" data-id=\"350\">KLEBSON LUCENILDO DA SILVA<br><\/a><a href=\"http:\/\/www.dfi.uem.br\/fisica\/index.php\/kwok-sau-fa\/\" data-type=\"page\" data-id=\"352\">KWOK SAU FA<br><\/a><a href=\"http:\/\/www.dfi.uem.br\/fisica\/index.php\/luciano-carvalhais-gomes\/\" data-type=\"page\" data-id=\"356\">LUCIANO CARVALHAIS GOMES<br><\/a><a href=\"http:\/\/www.dfi.uem.br\/fisica\/index.php\/luciano-gonsalves-costa\/\" data-type=\"page\" data-id=\"358\">LUCIANO GONSALVES COSTA<br><\/a><a href=\"http:\/\/www.dfi.uem.br\/fisica\/index.php\/luis-carlos-malacarne\/\" data-type=\"page\" data-id=\"361\">LUIS CARLOS MALACARNE<br><\/a><a href=\"http:\/\/www.dfi.uem.br\/fisica\/index.php\/luiz-fernando-cotica\/\" data-type=\"page\" data-id=\"364\">LUIZ FERNANDO C\u00d3TICA<br><\/a><a href=\"http:\/\/www.dfi.uem.br\/fisica\/index.php\/marcos-cesar-danhoni-neves\/\" data-type=\"page\" data-id=\"367\">MARCOS CESAR DANHONI NEVES<br><\/a><a href=\"http:\/\/www.dfi.uem.br\/fisica\/index.php\/mauricio-a-custodio-de-melo\/\" data-type=\"page\" data-id=\"370\">MAUR\u00cdCIO A. CUST\u00d3DIO DE MELO<br><\/a><a href=\"http:\/\/www.dfi.uem.br\/fisica\/index.php\/mauro-luciano-baesso\/\" data-type=\"page\" data-id=\"373\">MAURO LUCIANO BAESSO<br><\/a><a href=\"http:\/\/www.dfi.uem.br\/fisica\/index.php\/nelson-guilherme-astrath\/\" data-type=\"page\" data-id=\"376\">NELSON GUILHERME CASTELLI ASTRATH<br><\/a><a href=\"http:\/\/www.dfi.uem.br\/fisica\/index.php\/newller-marcelo-kimura\/\" data-type=\"page\" data-id=\"380\">NEWLLER MARCELO KIMURA<br><\/a><a href=\"http:\/\/www.dfi.uem.br\/fisica\/index.php\/nilson-benedito-lopes\/\" data-type=\"page\" data-id=\"383\">NILSON BENEDITO LOPES<br><\/a><a href=\"http:\/\/www.dfi.uem.br\/fisica\/index.php\/paulo-ricardo-garcia-fernandes\/\" data-type=\"page\" data-id=\"386\">PAULO RICARDO GARCIA FERNANDES<br><\/a><a href=\"http:\/\/www.dfi.uem.br\/fisica\/index.php\/perseu-angelo-santoro\/\" data-type=\"page\" data-id=\"389\">PERSEU ANGELO SANTORO<br><\/a><a href=\"http:\/\/www.dfi.uem.br\/fisica\/index.php\/renio-dos-santos-mendes\/\" data-type=\"page\" data-id=\"392\">RENIO DOS SANTOS MENDES<br><\/a><a href=\"http:\/\/www.dfi.uem.br\/fisica\/index.php\/ricardo-francisco-pereira\/\" data-type=\"page\" data-id=\"395\">RICARDO FRANCISCO PEREIRA<br><\/a><a href=\"http:\/\/www.dfi.uem.br\/fisica\/index.php\/sergio-de-picoli-junior\/\" data-type=\"page\" data-id=\"398\">SERGIO DE PICOLI JUNIOR<\/a><br><a href=\"http:\/\/lattes.cnpq.br\/1019407540649310\" target=\"_blank\" rel=\"noreferrer noopener\">REGINALDO BARCO<br><\/a><a href=\"http:\/\/lattes.cnpq.br\/3043938993637001\" target=\"_blank\" rel=\"noreferrer noopener\">VITOR S. ZANUTO<\/a><\/td><\/tr><\/tbody><\/table><\/figure>\n<\/div>\n\n\n\n<div class=\"wp-block-column is-layout-flow wp-block-column-is-layout-flow\">\n<figure class=\"wp-block-table\" style=\"font-size:12px\"><table><thead><tr><th>Professores Tempor\u00e1rios<\/th><\/tr><\/thead><tbody><tr><td>ALINE ALVES OLIVEIRA<br>ANDR\u00c9 MARINO GON\u00c7ALVES<br>ANUAR MINCACHE<br>EDUARDO AZZOLINE VOLNISTEM<br>ELTON DE LIMA SAVI<br>GUILHERME MAIA SAWYER<br>LEANDRO DE SANTANA COSTA<br>LIDIANE VIZIOLI DE CASTRO OSHINO<br>LILIAN FELIPE DE SILVA TUPAN<br>MARLON IVAN VALERIO CUADROS<br>YLLA GRASIELLE DOS SANTOS ALVES<\/td><\/tr><\/tbody><\/table><\/figure>\n<\/div>\n\n\n\n<div class=\"wp-block-column is-layout-constrained wp-block-column-is-layout-constrained\">\n<figure class=\"wp-block-table\" style=\"font-size:12px\"><table><thead><tr><th>Ex-Docentes<\/th><\/tr><\/thead><tbody><tr><td>ALICE SIZUKO IRAMINA<br>ANTONIO JOS\u00c9 PALANGANA<br>ARLINDO ANT\u00d4NIO SAVI<br>CESAR CANESIN COLUCCI<br>ERNESTO SANTINO CRIVELLI<br>ERVIN KAMINSKI LENZI<br>ESTER AVILA MATEUS<br>GON\u00c7ALO RODRIGUES DOS SANTOS<br>HENRIQUE RADOMANSKI<br>HUGO REUTERS SCHELIN<br>IRINEU HIBLER<br>JO\u00c3O MURA<br>JONAS TEIXEIRA NERY<br>JORGE FUTOSHI YAMAMOTO<br>JOS\u00c9 A. T. BORGES DA COSTA<br>JOS\u00c9 CARLOS BRUNELLI<br>JOS\u00c9 CARLOS DE SOUSA<br>JOS\u00c9 DUARTE DE OLIVEIRA<br>JOS\u00c9 NOBORU MAKI<br>LUIZ CARLOS RODRIGUES DUARTE<br>LUIZ ROBERTO EVANGELISTA<br>MARCELO ALVES BARROS<br>ODILA FLORENCIO<br>PAULO EUG\u00caNIO MENDON\u00c7A DE ANUNCIA\u00c7\u00c3O<br>PAULO ROBERTO BORBA PEDREIRA<br>PAULO TOSHIO UDO<br>POL\u00d4NIA ALTO\u00c9 FUSINATO<br>RENATO CARDOSO NERY<br>SANDRO FONTANINI<br>S\u00c9RGIO PAULO AMARAL OS\u00d3RIO<br>SILVIA APARECIDA BRUNINI<br>S\u00d4NIA MARIA SOARES STIARI<br>SUZANA NOBREGA DE MEDEIROS<br>VIRENDRA KUMAR SAXENA<br>WALTER MOREIRA LIMA<br>WILSON RICARDO WEINAND<\/td><\/tr><\/tbody><\/table><figcaption class=\"wp-element-caption\">MARLETE APARECIDA ZAMPRONIO<br>IRINEU HIBLER<br>HENRIQUE RADOMANSKI<br>JOS\u00c9 CARLOS DE SOUSA<br>(in memoriam)<\/figcaption><\/figure>\n<\/div>\n<\/div>\n","protected":false},"excerpt":{"rendered":"<p>Professores Efetivos ANDERSON REGINALDO SAMPAIOANDREA PAESANO JUNIORANTONIO CARLOS BENTOANTONIO MEDINA NETOBRENO FERRAZ DE OLIVEIRADANIEL GARDELLIFERNANDO CARLOS MESSIAS FREIREFLAVIO FRANCISCO IVASHITAFRANCIELLE SATOGUSTAVO SANGUINO DIASHAROLDO VALENTIN RIBEIROHATSUMI MUKAIIVAIR APARECIDO DOS SANTOSJOS\u00c9 ROBERTO DIAS PEREIRAJURANDIR HILLMANN ROHLINGJUSMAR VALENTIN BELLINIKLEBSON LUCENILDO DA SILVAKWOK SAU FALUCIANO CARVALHAIS GOMESLUCIANO GONSALVES COSTALUIS CARLOS MALACARNELUIZ FERNANDO C\u00d3TICAMARCOS CESAR DANHONI NEVESMAUR\u00cdCIO A. CUST\u00d3DIO DE [&hellip;]<\/p>\n","protected":false},"author":1,"featured_media":0,"parent":0,"menu_order":0,"comment_status":"closed","ping_status":"closed","template":"","meta":{"footnotes":""},"_links":{"self":[{"href":"http:\/\/www.dfi.uem.br\/fisica\/index.php\/wp-json\/wp\/v2\/pages\/290"}],"collection":[{"href":"http:\/\/www.dfi.uem.br\/fisica\/index.php\/wp-json\/wp\/v2\/pages"}],"about":[{"href":"http:\/\/www.dfi.uem.br\/fisica\/index.php\/wp-json\/wp\/v2\/types\/page"}],"author":[{"embeddable":true,"href":"http:\/\/www.dfi.uem.br\/fisica\/index.php\/wp-json\/wp\/v2\/users\/1"}],"replies":[{"embeddable":true,"href":"http:\/\/www.dfi.uem.br\/fisica\/index.php\/wp-json\/wp\/v2\/comments?post=290"}],"version-history":[{"count":37,"href":"http:\/\/www.dfi.uem.br\/fisica\/index.php\/wp-json\/wp\/v2\/pages\/290\/revisions"}],"predecessor-version":[{"id":819,"href":"http:\/\/www.dfi.uem.br\/fisica\/index.php\/wp-json\/wp\/v2\/pages\/290\/revisions\/819"}],"wp:attachment":[{"href":"http:\/\/www.dfi.uem.br\/fisica\/index.php\/wp-json\/wp\/v2\/media?parent=290"}],"curies":[{"name":"wp","href":"https:\/\/api.w.org\/{rel}","templated":true}]}}