{"id":273,"date":"2022-05-03T11:53:11","date_gmt":"2022-05-03T14:53:11","guid":{"rendered":"http:\/\/www.dfi.uem.br\/fisica\/?page_id=273"},"modified":"2026-01-24T18:24:55","modified_gmt":"2026-01-24T20:24:55","slug":"matriz-curricular","status":"publish","type":"page","link":"http:\/\/www.dfi.uem.br\/fisica\/index.php\/matriz-curricular\/","title":{"rendered":"Matriz Curricular"},"content":{"rendered":"\n<h1 class=\"wp-block-heading\"><\/h1>\n\n\n\n<h2 class=\"wp-block-heading\">LICENCIATURA EM F\u00cdSICA<\/h2>\n\n\n\n<figure class=\"wp-block-table is-style-stripes has-medium-font-size\"><table class=\"has-black-color has-text-color\"><tbody><tr><td><strong>S\u00c9RIE<\/strong><\/td><td><strong>COMPONENTE CURRICULAR<\/strong><\/td><td>1\u00ba SEM.<\/td><td>2\u00ba SEM.<\/td><\/tr><tr><td>1<\/td><td><a href=\"http:\/\/www.din.uem.br\/graduacao\/programas-e-criterios\/copy3_of_outros-cursos\" target=\"_blank\" rel=\"noreferrer noopener\">Fundamentos da Computa\u00e7\u00e3o<\/a><\/td><td>&nbsp;<\/td><td>x<\/td><\/tr><tr><td>1<\/td><td><a href=\"http:\/\/www.dfi.uem.br\/fisicaold\/site.dfi.uem.br\/wp-content\/uploads\/2016\/10\/3056-Fisica-geral-I-programa-2007.pdf\" target=\"_blank\" rel=\"noreferrer noopener\">F\u00edsica Geral I<\/a><\/td><td>x<\/td><td>&nbsp;<\/td><\/tr><tr><td>1<\/td><td><a href=\"http:\/\/www.dfi.uem.br\/fisicaold\/site.dfi.uem.br\/wp-content\/uploads\/2016\/10\/3057-Lab.-Fisica-Geral-I-programa-2007.pdf\" target=\"_blank\" rel=\"noreferrer noopener\">Laborat\u00f3rio de F\u00edsica Geral I<\/a><\/td><td>x<\/td><td>&nbsp;<\/td><\/tr><tr><td>1<\/td><td><a href=\"http:\/\/www.dma.uem.br\/novapagina\/?q=node\/43\" target=\"_blank\" rel=\"noreferrer noopener\">C\u00e1lculo Diferencial e Integral I<\/a><\/td><td>x<\/td><td>&nbsp;<\/td><\/tr><tr><td>1<\/td><td><a href=\"http:\/\/www.dfi.uem.br\/fisicaold\/site.dfi.uem.br\/wp-content\/uploads\/2016\/10\/3061-Fisica-Geral-II-programa-2007.pdf\" target=\"_blank\" rel=\"noreferrer noopener\">F\u00edsica Geral II<\/a><\/td><td>&nbsp;<\/td><td>x<\/td><\/tr><tr><td>1<\/td><td><a href=\"http:\/\/www.dfi.uem.br\/fisicaold\/site.dfi.uem.br\/wp-content\/uploads\/2016\/10\/3062-Lab.-Fisica-Geral-II-programa-2007.pdf\" target=\"_blank\" rel=\"noreferrer noopener\">Laborat\u00f3rio de F\u00edsica Geral II<\/a><\/td><td>&nbsp;<\/td><td>x<\/td><\/tr><tr><td>1<\/td><td><a href=\"http:\/\/www.dma.uem.br\/novapagina\/?q=node\/43\" target=\"_blank\" rel=\"noreferrer noopener\">C\u00e1lculo Diferencial e Integral II<\/a><\/td><td>&nbsp;<\/td><td>x<\/td><\/tr><tr><td>1<\/td><td><a href=\"http:\/\/www.dma.uem.br\/novapagina\/?q=node\/43\" target=\"_blank\" rel=\"noreferrer noopener\">\u00c1lgebra Linear<\/a><\/td><td>&nbsp;<\/td><td>x<\/td><\/tr><tr><td>1<\/td><td><a href=\"http:\/\/www.dma.uem.br\/novapagina\/?q=node\/43\" target=\"_blank\" rel=\"noreferrer noopener\">Geometria Anal\u00edtica<\/a><\/td><td>x<\/td><td>&nbsp;<\/td><\/tr><tr><td>1<\/td><td><a href=\"http:\/\/www.dfi.uem.br\/fisicaold\/site.dfi.uem.br\/wp-content\/uploads\/2016\/10\/5302-Oficina-de-F%c3%adsica-I-programa-2010.pdf\" target=\"_blank\" rel=\"noreferrer noopener\">Oficina de F\u00edsica I<\/a><\/td><td>&nbsp;<\/td><td>&nbsp;<\/td><\/tr><tr><td>&nbsp;<\/td><td>&nbsp;<\/td><td>&nbsp;<\/td><td>&nbsp;<\/td><\/tr><tr><td>2<\/td><td><a href=\"http:\/\/www.dfi.uem.br\/fisicaold\/site.dfi.uem.br\/wp-content\/uploads\/2016\/10\/3065-F%c3%8dsica-geral-III-programa-2007.pdf\" target=\"_blank\" rel=\"noreferrer noopener\">F\u00edsica Geral III<\/a><\/td><td>x<\/td><td>&nbsp;<\/td><\/tr><tr><td>2<\/td><td><a href=\"http:\/\/www.dfi.uem.br\/fisicaold\/site.dfi.uem.br\/wp-content\/uploads\/2016\/10\/3066-Lab.-F%c3%8dsica-Geral-III-programa-2007.pdf\" target=\"_blank\" rel=\"noreferrer noopener\">Laborat\u00f3rio de F\u00edsica Geral III<\/a><\/td><td>x<\/td><td>&nbsp;<\/td><\/tr><tr><td>2<\/td><td><a href=\"http:\/\/www.dfi.uem.br\/fisicaold\/site.dfi.uem.br\/wp-content\/uploads\/2016\/10\/3071-F%c3%adsica-Geral-IV-programa-2007.pdf\" target=\"_blank\" rel=\"noreferrer noopener\">F\u00edsica Geral IV<\/a><\/td><td>&nbsp;<\/td><td>x<\/td><\/tr><tr><td>2<\/td><td><a href=\"http:\/\/www.dfi.uem.br\/fisicaold\/site.dfi.uem.br\/wp-content\/uploads\/2016\/10\/3072-Lab.-F%c3%adsica-Geral-IV-programa-2007.pdf\" target=\"_blank\" rel=\"noreferrer noopener\">Laborat\u00f3rio de F\u00edsica Geral IV<\/a><\/td><td>&nbsp;<\/td><td>x<\/td><\/tr><tr><td>2<\/td><td><a href=\"http:\/\/www.dqi.uem.br\/graduacao.html\" target=\"_blank\" rel=\"noreferrer noopener\">Introdu\u00e7\u00e3o a F\u00edsico-Qu\u00edmica<\/a><\/td><td>&nbsp;<\/td><td>x<\/td><\/tr><tr><td>2<\/td><td><a href=\"http:\/\/www.dfi.uem.br\/fisicaold\/site.dfi.uem.br\/wp-content\/uploads\/2016\/10\/4067-Termodin%c3%a2mica-programa-2009.pdf\" target=\"_blank\" rel=\"noreferrer noopener\">Termodin\u00e2mica<\/a><\/td><td>&nbsp;<\/td><td>x<\/td><\/tr><tr><td>2<\/td><td><a href=\"http:\/\/www.dma.uem.br\/novapagina\/?q=node\/43\" target=\"_blank\" rel=\"noreferrer noopener\">C\u00e1lculo Diferencial e Integral III<\/a><\/td><td>x<\/td><td>&nbsp;<\/td><\/tr><tr><td>2<\/td><td><a href=\"http:\/\/www.dqi.uem.br\/graduacao.html\" target=\"_blank\" rel=\"noreferrer noopener\">Qu\u00edmica Geral e Inorg\u00e2nica<\/a><\/td><td>x<\/td><td>&nbsp;<\/td><\/tr><tr><td>2<\/td><td><a href=\"http:\/\/www.dfi.uem.br\/fisicaold\/site.dfi.uem.br\/wp-content\/uploads\/2016\/10\/5303-Oficina-de-F%c3%adsica-II-programa-2010.pdf\" target=\"_blank\" rel=\"noreferrer noopener\">Oficina de F\u00edsica II<\/a><\/td><td>&nbsp;<\/td><td>x<\/td><\/tr><tr><td>2<\/td><td><a href=\"http:\/\/www.dfi.uem.br\/fisicaold\/site.dfi.uem.br\/wp-content\/uploads\/2016\/10\/3067-Hist%c3%b3ria-da-F%c3%adsica-programa-2007.pdf\" target=\"_blank\" rel=\"noreferrer noopener\">Hist\u00f3ria da F\u00edsica<\/a><\/td><td>x<\/td><td>&nbsp;<\/td><\/tr><tr><td>&nbsp;<\/td><td>&nbsp;<\/td><td>&nbsp;<\/td><td>&nbsp;<\/td><\/tr><tr><td>3<\/td><td><a href=\"http:\/\/www.dfi.uem.br\/fisicaold\/site.dfi.uem.br\/wp-content\/uploads\/2016\/10\/1634-Eletromagnetismo-I-programa-2008.pdf\" target=\"_blank\" rel=\"noreferrer noopener\">Eletromagnetismo I<\/a><\/td><td>&nbsp;<\/td><td>x<\/td><\/tr><tr><td>3<\/td><td><a href=\"http:\/\/www.dfi.uem.br\/fisicaold\/site.dfi.uem.br\/wp-content\/uploads\/2016\/10\/1636-Lab.-de-F%c3%adsica-Moderna-programa-2008.pdf\" target=\"_blank\" rel=\"noreferrer noopener\">Laborat\u00f3rio de F\u00edsica Moderna<\/a><\/td><td>x<\/td><td>&nbsp;<\/td><\/tr><tr><td>3<\/td><td><a href=\"http:\/\/www.dfi.uem.br\/fisicaold\/site.dfi.uem.br\/wp-content\/uploads\/2016\/10\/3076-F%c3%adsica-Moderna-I-programa-2008.pdf\" target=\"_blank\" rel=\"noreferrer noopener\">F\u00edsica Moderna I<\/a><\/td><td>x<\/td><td>&nbsp;<\/td><\/tr><tr><td>3<\/td><td><a href=\"http:\/\/www.dfi.uem.br\/fisicaold\/site.dfi.uem.br\/wp-content\/uploads\/2016\/10\/3077-Mec%c3%a2nica-Classica-I-programa-2008.pdf\" target=\"_blank\" rel=\"noreferrer noopener\">Mec\u00e2nica Cl\u00e1ssica I<\/a><\/td><td>x<\/td><td>&nbsp;<\/td><\/tr><tr><td>3<\/td><td><a href=\"http:\/\/www.dfi.uem.br\/fisicaold\/site.dfi.uem.br\/wp-content\/uploads\/2016\/10\/3080-F%c3%adsica-Moderna-II-programa-2008.pdf\" target=\"_blank\" rel=\"noreferrer noopener\">F\u00edsica Moderna II<\/a><\/td><td>&nbsp;<\/td><td>x<\/td><\/tr><tr><td>3<\/td><td><a href=\"http:\/\/www.dfi.uem.br\/fisicaold\/site.dfi.uem.br\/wp-content\/uploads\/2016\/10\/4070-M%c3%a9todos-de-F%c3%adsica-Te%c3%b3rica-I-programa-2012.pdf\" target=\"_blank\" rel=\"noreferrer noopener\">M\u00e9todos de F\u00edsica Te\u00f3rica I<\/a><\/td><td>x<\/td><td>&nbsp;<\/td><\/tr><tr><td>3<\/td><td><a href=\"http:\/\/www.dfi.uem.br\/fisicaold\/site.dfi.uem.br\/wp-content\/uploads\/2016\/10\/3075-Est%c3%a1gio-Supervisionado-em-F%c3%adsica-I-programana-2008.pdf\" target=\"_blank\" rel=\"noreferrer noopener\">Est\u00e1gio Supervisionado em F\u00edsica I<\/a><\/td><td>x<\/td><td>&nbsp;<\/td><\/tr><tr><td>3<\/td><td><a href=\"http:\/\/www.dfi.uem.br\/fisicaold\/site.dfi.uem.br\/wp-content\/uploads\/2016\/10\/3078-Est%c3%a1gio-Supervisionado-em-F%c3%adsica-II-programa-2008.pdf\" target=\"_blank\" rel=\"noreferrer noopener\">Est\u00e1gio Supervisionado em F\u00edsica II<\/a><\/td><td>&nbsp;<\/td><td>x<\/td><\/tr><tr><td>3<\/td><td><a href=\"http:\/\/www.dfi.uem.br\/fisicaold\/site.dfi.uem.br\/wp-content\/uploads\/2016\/10\/5305-Eletr%c3%b4nica-Instrumental-para-o-Ensino-programa-2010.pdf\" target=\"_blank\" rel=\"noreferrer noopener\">Eletr\u00f4nica Instrumental P. o Ensino<\/a><\/td><td>&nbsp;<\/td><td>x<\/td><\/tr><tr><td>3<\/td><td><a href=\"http:\/\/www.dtp.uem.br\/\" target=\"_blank\" rel=\"noreferrer noopener\">Pol\u00edticas Publ. e Gest\u00e3o Educacional<\/a><\/td><td>&nbsp;<\/td><td>x<\/td><\/tr><tr><td>&nbsp;<\/td><td>&nbsp;<\/td><td>&nbsp;<\/td><td>&nbsp;<\/td><\/tr><tr><td>4<\/td><td><a href=\"http:\/\/www.dfi.uem.br\/fisicaold\/site.dfi.uem.br\/wp-content\/uploads\/2016\/10\/3084-Instrumenta%c3%a7%c3%a3o-do-Ensino-de-F%c3%adsica-I-programa-2008.pdf\" target=\"_blank\" rel=\"noreferrer noopener\">Instrum. para o Ensino de F\u00edsica I<\/a><\/td><td>x<\/td><td>&nbsp;<\/td><\/tr><tr><td>4<\/td><td><a href=\"http:\/\/www.dfi.uem.br\/fisicaold\/site.dfi.uem.br\/wp-content\/uploads\/2016\/10\/3087-Epistemologia-das-Ciencias-programa-2009.pdf\" target=\"_blank\" rel=\"noreferrer noopener\">Epistemologia das Ci\u00eancias<\/a><\/td><td>&nbsp;<\/td><td>x<\/td><\/tr><tr><td>4<\/td><td><a href=\"http:\/\/www.dfi.uem.br\/fisicaold\/site.dfi.uem.br\/wp-content\/uploads\/2016\/10\/3089-Instrumenta%c3%a7%c3%a3o-para-o-Ensino-de-F%c3%adsica-II-programa-2008.pdf\" target=\"_blank\" rel=\"noreferrer noopener\">Instrument. para o Ensino F\u00edsica II<\/a><\/td><td>&nbsp;<\/td><td>x<\/td><\/tr><tr><td>4<\/td><td>Optativa<\/td><td>&nbsp;<\/td><td>x<\/td><\/tr><tr><td>4<\/td><td><a href=\"http:\/\/www.dfi.uem.br\/fisicaold\/site.dfi.uem.br\/wp-content\/uploads\/2016\/10\/5309-Monografia-programa-2010.pdf\" target=\"_blank\" rel=\"noreferrer noopener\">Monografia para Licenciat. em F\u00edsica<\/a><\/td><td>x<\/td><td>x<\/td><\/tr><tr><td>4<\/td><td><a href=\"http:\/\/www.dlp.uem.br\/\" target=\"_blank\" rel=\"noreferrer noopener\">Intr. a Libras-L\u00edngua Bras. de Sinais<\/a><\/td><td>&nbsp;<\/td><td>x<\/td><\/tr><tr><td>4<\/td><td><a href=\"http:\/\/www.dfi.uem.br\/fisicaold\/site.dfi.uem.br\/wp-content\/uploads\/2016\/10\/3083-Est%c3%a1gio-Supervisionado-em-F%c3%adsica-III-programa-2009.pdf\" target=\"_blank\" rel=\"noreferrer noopener\">Est\u00e1gio Supervisio. em F\u00edsica III<\/a><\/td><td>x<\/td><td>x<\/td><\/tr><tr><td>4<\/td><td><a href=\"http:\/\/www.dtp.uem.br\/\" target=\"_blank\" rel=\"noreferrer noopener\">Psicologia da Educa\u00e7\u00e3o<\/a><\/td><td>&nbsp;<\/td><td>x<\/td><\/tr><tr><td>4<\/td><td><a href=\"http:\/\/www.dtp.uem.br\/\" target=\"_blank\" rel=\"noreferrer noopener\">Did\u00e1tica para o Ensino de F\u00edsica<\/a><\/td><td>x<\/td><td>&nbsp;<\/td><\/tr><tr><td>4<\/td><td><a href=\"http:\/\/www.dfi.uem.br\/fisicaold\/site.dfi.uem.br\/wp-content\/uploads\/2016\/10\/5310-Metodologia-do-Ensino-da-F%c3%adsica-programa-2010.pdf\" target=\"_blank\" rel=\"noreferrer noopener\">Metodologia do Ensino de F\u00edsica<\/a><\/td><td>x<\/td><td>&nbsp;<\/td><\/tr><\/tbody><\/table><\/figure>\n\n\n\n<h2 class=\"wp-block-heading\">BACHARELADO EM F\u00cdSICA<\/h2>\n\n\n\n<figure class=\"wp-block-table is-style-stripes has-medium-font-size\"><table class=\"has-black-color has-text-color\"><tbody><tr><td><strong>S\u00c9RIE<\/strong><\/td><td><strong>COMPONENTE CURRICULAR<\/strong><\/td><td>1\u00ba SEM.<\/td><td>2\u00ba SEM.<\/td><\/tr><tr><td>1<\/td><td><a href=\"http:\/\/www.din.uem.br\/graduacao\/programas-e-criterios\/copy3_of_outros-cursos\" target=\"_blank\" rel=\"noreferrer noopener\">Fundamentos da Computa\u00e7\u00e3o<\/a><\/td><td>&nbsp;<\/td><td>x<\/td><\/tr><tr><td>1<\/td><td><a href=\"http:\/\/www.dfi.uem.br\/fisicaold\/site.dfi.uem.br\/wp-content\/uploads\/2016\/10\/3056-Fisica-geral-I-programa-2007.pdf\" target=\"_blank\" rel=\"noreferrer noopener\">F\u00edsica Geral I<\/a><\/td><td>x<\/td><td>&nbsp;<\/td><\/tr><tr><td>1<\/td><td><a href=\"http:\/\/www.dfi.uem.br\/fisicaold\/site.dfi.uem.br\/wp-content\/uploads\/2016\/10\/3057-Lab.-Fisica-Geral-I-programa-2007.pdf\" target=\"_blank\" rel=\"noreferrer noopener\">Laborat\u00f3rio de F\u00edsica Geral I<\/a><\/td><td>x<\/td><td>&nbsp;<\/td><\/tr><tr><td>1<\/td><td><a href=\"http:\/\/www.dma.uem.br\/novapagina\/?q=node\/43\" target=\"_blank\" rel=\"noreferrer noopener\">C\u00e1lculo Diferencial e Integral I<\/a><\/td><td>x<\/td><td>&nbsp;<\/td><\/tr><tr><td>1<\/td><td><a href=\"http:\/\/www.dfi.uem.br\/fisicaold\/site.dfi.uem.br\/wp-content\/uploads\/2016\/10\/3061-Fisica-Geral-II-programa-2007.pdf\" target=\"_blank\" rel=\"noreferrer noopener\">F\u00edsica Geral II<\/a><\/td><td>&nbsp;<\/td><td>x<\/td><\/tr><tr><td>1<\/td><td><a href=\"http:\/\/www.dfi.uem.br\/fisicaold\/site.dfi.uem.br\/wp-content\/uploads\/2016\/10\/3062-Lab.-Fisica-Geral-II-programa-2007.pdf\" target=\"_blank\" rel=\"noreferrer noopener\">Laborat\u00f3rio de F\u00edsica Geral II<\/a><\/td><td>&nbsp;<\/td><td>x<\/td><\/tr><tr><td>1<\/td><td><a href=\"http:\/\/www.dma.uem.br\/novapagina\/?q=node\/43\" target=\"_blank\" rel=\"noreferrer noopener\">C\u00e1lculo Diferencial e Integral II<\/a><\/td><td>&nbsp;<\/td><td>x<\/td><\/tr><tr><td>1<\/td><td><a href=\"http:\/\/www.dma.uem.br\/novapagina\/?q=node\/43\" target=\"_blank\" rel=\"noreferrer noopener\">\u00c1lgebra Linear<\/a><\/td><td>&nbsp;<\/td><td>x<\/td><\/tr><tr><td>1<\/td><td><a href=\"http:\/\/www.dma.uem.br\/novapagina\/?q=node\/43\" target=\"_blank\" rel=\"noreferrer noopener\">Geometria Anal\u00edtica<\/a><\/td><td>x<\/td><td>&nbsp;<\/td><\/tr><tr><td>1<\/td><td><a href=\"http:\/\/www.dfi.uem.br\/fisicaold\/site.dfi.uem.br\/wp-content\/uploads\/2016\/10\/5302-Oficina-de-F%c3%adsica-I-programa-2010.pdf\" target=\"_blank\" rel=\"noreferrer noopener\">Oficina de F\u00edsica I<\/a><\/td><td>&nbsp;<\/td><td>&nbsp;<\/td><\/tr><tr><td>&nbsp;<\/td><td>&nbsp;<\/td><td>&nbsp;<\/td><td>&nbsp;<\/td><\/tr><tr><td>2<\/td><td><a href=\"http:\/\/www.dfi.uem.br\/fisicaold\/site.dfi.uem.br\/wp-content\/uploads\/2016\/10\/3065-F%c3%8dsica-geral-III-programa-2007.pdf\" target=\"_blank\" rel=\"noreferrer noopener\">F\u00edsica Geral III<\/a><\/td><td>x<\/td><td>&nbsp;<\/td><\/tr><tr><td>2<\/td><td><a href=\"http:\/\/www.dfi.uem.br\/fisicaold\/site.dfi.uem.br\/wp-content\/uploads\/2016\/10\/3066-Lab.-F%c3%8dsica-Geral-III-programa-2007.pdf\" target=\"_blank\" rel=\"noreferrer noopener\">Laborat\u00f3rio de F\u00edsica Geral III<\/a><\/td><td>x<\/td><td>&nbsp;<\/td><\/tr><tr><td>2<\/td><td><a href=\"http:\/\/www.dfi.uem.br\/fisicaold\/site.dfi.uem.br\/wp-content\/uploads\/2016\/10\/3071-F%c3%adsica-Geral-IV-programa-2007.pdf\" target=\"_blank\" rel=\"noreferrer noopener\">F\u00edsica Geral IV<\/a><\/td><td>&nbsp;<\/td><td>x<\/td><\/tr><tr><td>2<\/td><td><a href=\"http:\/\/www.dfi.uem.br\/fisicaold\/site.dfi.uem.br\/wp-content\/uploads\/2016\/10\/3072-Lab.-F%c3%adsica-Geral-IV-programa-2007.pdf\" target=\"_blank\" rel=\"noreferrer noopener\">Laborat\u00f3rio de F\u00edsica Geral IV<\/a><\/td><td>&nbsp;<\/td><td>x<\/td><\/tr><tr><td>2<\/td><td><a href=\"http:\/\/www.dqi.uem.br\/graduacao.html\" target=\"_blank\" rel=\"noreferrer noopener\">Introdu\u00e7\u00e3o a F\u00edsico-Qu\u00edmica<\/a><\/td><td>&nbsp;<\/td><td>x<\/td><\/tr><tr><td>2<\/td><td><a href=\"http:\/\/www.dfi.uem.br\/fisicaold\/site.dfi.uem.br\/wp-content\/uploads\/2016\/10\/4067-Termodin%c3%a2mica-programa-2009.pdf\" target=\"_blank\" rel=\"noreferrer noopener\">Termodin\u00e2mica<\/a><\/td><td>&nbsp;<\/td><td>x<\/td><\/tr><tr><td>2<\/td><td><a href=\"http:\/\/www.dma.uem.br\/novapagina\/?q=node\/43\" target=\"_blank\" rel=\"noreferrer noopener\">C\u00e1lculo Diferencial e Int. III<\/a><\/td><td>x<\/td><td>&nbsp;<\/td><\/tr><tr><td>2<\/td><td><a href=\"http:\/\/www.dqi.uem.br\/graduacao.html\" target=\"_blank\" rel=\"noreferrer noopener\">Qu\u00edmica Geral e Inorg\u00e2nica<\/a><\/td><td>x<\/td><td>&nbsp;<\/td><\/tr><tr><td>2<\/td><td><a href=\"http:\/\/www.dfi.uem.br\/fisicaold\/site.dfi.uem.br\/wp-content\/uploads\/2016\/10\/5303-Oficina-de-F%c3%adsica-II-programa-2010.pdf\" target=\"_blank\" rel=\"noreferrer noopener\">Oficina de F\u00edsica II<\/a><\/td><td>&nbsp;<\/td><td>x<\/td><\/tr><tr><td>2<\/td><td><a href=\"http:\/\/www.dfi.uem.br\/fisicaold\/site.dfi.uem.br\/wp-content\/uploads\/2016\/10\/3067-Hist%c3%b3ria-da-F%c3%adsica-programa-2007.pdf\" target=\"_blank\" rel=\"noreferrer noopener\">Hist\u00f3ria da F\u00edsica<\/a><\/td><td>x<\/td><td>&nbsp;<\/td><\/tr><tr><td>&nbsp;<\/td><td>&nbsp;<\/td><td>&nbsp;<\/td><td>&nbsp;<\/td><\/tr><tr><td>3<\/td><td><a href=\"http:\/\/www.dfi.uem.br\/fisicaold\/site.dfi.uem.br\/wp-content\/uploads\/2016\/10\/1634-Eletromagnetismo-I-programa-2008.pdf\" target=\"_blank\" rel=\"noreferrer noopener\">Eletromagnetismo I<\/a><\/td><td>&nbsp;<\/td><td>x<\/td><\/tr><tr><td>3<\/td><td><a href=\"http:\/\/www.dfi.uem.br\/fisicaold\/site.dfi.uem.br\/wp-content\/uploads\/2016\/10\/1636-Lab.-de-F%c3%adsica-Moderna-programa-2008.pdf\" target=\"_blank\" rel=\"noreferrer noopener\">Laborat\u00f3rio de F\u00edsica Moderna<\/a><\/td><td>x<\/td><td>&nbsp;<\/td><\/tr><tr><td>3<\/td><td><a href=\"http:\/\/www.dfi.uem.br\/fisicaold\/site.dfi.uem.br\/wp-content\/uploads\/2016\/10\/1643-M%c3%a9todos-de-F%c3%adsica-Te%c3%b3rica-II-programa-2008.pdf\" target=\"_blank\" rel=\"noreferrer noopener\">M\u00e9todos de F\u00edsica Te\u00f3rica II<\/a><\/td><td>&nbsp;<\/td><td>&nbsp;x<\/td><\/tr><tr><td>3<\/td><td><a href=\"http:\/\/www.dfi.uem.br\/fisicaold\/site.dfi.uem.br\/wp-content\/uploads\/2016\/10\/3076-F%c3%adsica-Moderna-I-programa-2008.pdf\" target=\"_blank\" rel=\"noreferrer noopener\">F\u00edsica Moderna I<\/a><\/td><td>x<\/td><td>&nbsp;<\/td><\/tr><tr><td>3<\/td><td><a href=\"http:\/\/www.dfi.uem.br\/fisicaold\/site.dfi.uem.br\/wp-content\/uploads\/2016\/10\/3077-Mec%c3%a2nica-Classica-I-programa-2008.pdf\" target=\"_blank\" rel=\"noreferrer noopener\">Mec\u00e2nica Cl\u00e1ssica I<\/a><\/td><td>&nbsp;x<\/td><td>&nbsp;<\/td><\/tr><tr><td>3<\/td><td><a href=\"http:\/\/www.dfi.uem.br\/fisicaold\/site.dfi.uem.br\/wp-content\/uploads\/2016\/10\/3080-F%c3%adsica-Moderna-II-programa-2008.pdf\" target=\"_blank\" rel=\"noreferrer noopener\">F\u00edsica Moderna II<\/a><\/td><td>&nbsp;<\/td><td>&nbsp;x<\/td><\/tr><tr><td>3<\/td><td><a href=\"http:\/\/www.dfi.uem.br\/fisicaold\/site.dfi.uem.br\/wp-content\/uploads\/2016\/10\/3092-Eletr%c3%b4nica-1-programa-2008.pdf\" target=\"_blank\" rel=\"noreferrer noopener\">Eletr\u00f4nica I<\/a><\/td><td>&nbsp;<\/td><td>&nbsp;x<\/td><\/tr><tr><td>3<\/td><td><a href=\"http:\/\/www.dfi.uem.br\/fisicaold\/site.dfi.uem.br\/wp-content\/uploads\/2016\/10\/3093-Mec%c3%a2nica-Classica-II-progrtama-2008.pdf\" target=\"_blank\" rel=\"noreferrer noopener\">Mec\u00e2nica Cl\u00e1ssica II<\/a><\/td><td>&nbsp;<\/td><td>x<\/td><\/tr><tr><td>3<\/td><td><a href=\"http:\/\/www.dfi.uem.br\/fisicaold\/site.dfi.uem.br\/wp-content\/uploads\/2016\/10\/4070-M%c3%a9todos-de-F%c3%adsica-Te%c3%b3rica-I-programa-2012.pdf\" target=\"_blank\" rel=\"noreferrer noopener\">M\u00e9todos de F\u00edsica Te\u00f3rica I<\/a><\/td><td>&nbsp;x<\/td><td>&nbsp;<\/td><\/tr><tr><td>&nbsp;<\/td><td>&nbsp;<\/td><td>&nbsp;<\/td><td>&nbsp;<\/td><\/tr><tr><td>4<\/td><td><a href=\"http:\/\/www.dfi.uem.br\/fisicaold\/site.dfi.uem.br\/wp-content\/uploads\/2016\/10\/1644-Eletromagnetismo-II-programa-2009.pdf\" target=\"_blank\" rel=\"noreferrer noopener\">Eletromagnetismo II<\/a><\/td><td>x<\/td><td>&nbsp;<\/td><\/tr><tr><td>4<\/td><td><a href=\"http:\/\/www.dfi.uem.br\/fisicaold\/site.dfi.uem.br\/wp-content\/uploads\/2016\/10\/1650-Mec%c3%a2nica-Estat%c3%adstica-programa-2009.pdf\" target=\"_blank\" rel=\"noreferrer noopener\">Mec\u00e2nica Estat\u00edstica<\/a><\/td><td>&nbsp;<\/td><td>x<\/td><\/tr><tr><td>4<\/td><td>Optativa I<\/td><td>x<\/td><td>&nbsp;<\/td><\/tr><tr><td>4<\/td><td><a href=\"http:\/\/www.dfi.uem.br\/fisicaold\/site.dfi.uem.br\/wp-content\/uploads\/2016\/10\/3095-Mec%c3%a2nica-Quantica-1-programa-2009.pdf\" target=\"_blank\" rel=\"noreferrer noopener\">Mec\u00e2nica Qu\u00e2ntica I<\/a><\/td><td>x<\/td><td>&nbsp;<\/td><\/tr><tr><td>4<\/td><td>Optativa II<\/td><td>&nbsp;<\/td><td>x<\/td><\/tr><tr><td>4<\/td><td><a href=\"http:\/\/www.dfi.uem.br\/fisicaold\/site.dfi.uem.br\/wp-content\/uploads\/2016\/10\/3098-Introdu%c3%a7%c3%a3o-a-f%c3%adsica-do-estado-s%c3%b3lido-programa-2009.pdf\" target=\"_blank\" rel=\"noreferrer noopener\">Introd. F\u00edsica do Estado S\u00f3lido<\/a><\/td><td>&nbsp;<\/td><td>x<\/td><\/tr><tr><td>4<\/td><td><a href=\"http:\/\/www.dfi.uem.br\/fisicaold\/site.dfi.uem.br\/wp-content\/uploads\/2016\/10\/3099-Mec%c3%a2nica-Qu%c3%a2ntica-II-programa-2009.pdf\" target=\"_blank\" rel=\"noreferrer noopener\">Mec\u00e2nica Qu\u00e2ntica II<\/a><\/td><td>&nbsp;<\/td><td>x<\/td><\/tr><tr><td>4<\/td><td><a href=\"http:\/\/www.dfi.uem.br\/fisicaold\/site.dfi.uem.br\/wp-content\/uploads\/2016\/10\/5304-Trabalho-de-Gradua%c3%a7%c3%a3o-programa-2010.pdf\" target=\"_blank\" rel=\"noreferrer noopener\">Trabalho de Gradua\u00e7\u00e3o<\/a><\/td><td>x<\/td><td>x<\/td><\/tr><\/tbody><\/table><\/figure>\n\n\n\n<h2 class=\"wp-block-heading\">DISCIPLINAS OPTATIVAS<\/h2>\n\n\n\n<figure class=\"wp-block-table is-style-stripes has-medium-font-size\"><table class=\"has-black-color has-text-color\"><tbody><tr><td><strong>DISCIPLINAS OPTATIVAS<\/strong><\/td><\/tr><tr><td><a href=\"http:\/\/www.dfi.uem.br\/fisicaold\/site.dfi.uem.br\/wp-content\/uploads\/2016\/10\/3105-Astronomia-programa-2013.pdf\" target=\"_blank\" rel=\"noreferrer noopener\">Astronomia<\/a><\/td><\/tr><tr><td><a href=\"http:\/\/www.dfi.uem.br\/fisicaold\/site.dfi.uem.br\/wp-content\/uploads\/2016\/10\/3107-Eletr%c3%b4nica-II-programa-2008.pdf\" target=\"_blank\" rel=\"noreferrer noopener\">Eletr\u00f4nica II<\/a><\/td><\/tr><tr><td><a href=\"http:\/\/www.dfi.uem.br\/fisicaold\/site.dfi.uem.br\/wp-content\/uploads\/2016\/10\/2498-Fisica-M%c3%a9dica-programa-2009.pdf\" target=\"_blank\" rel=\"noreferrer noopener\">F\u00edsica M\u00e9dica<\/a><\/td><\/tr><tr><td>Introdu\u00e7\u00e3o \u00e0 Micrometeorologia<\/td><\/tr><tr><td>Introdu\u00e7\u00e3o \u00e0 Teoria De Campos<\/td><\/tr><tr><td><a href=\"http:\/\/www.dfi.uem.br\/fisicaold\/site.dfi.uem.br\/wp-content\/uploads\/2016\/10\/2830-m%c3%a9todos-de-f%c3%adsica-teorica-iii-programa-2005.pdf\" target=\"_blank\" rel=\"noreferrer noopener\">M\u00e9todo da F\u00edsica Te\u00f3rica III<\/a><\/td><\/tr><tr><td><a href=\"http:\/\/www.dfi.uem.br\/fisicaold\/site.dfi.uem.br\/wp-content\/uploads\/2016\/10\/3931-M%c3%a9todos-de-Aproxima%c3%a7%c3%a3o-em-F%c3%adsica-programa-2007.pdf\" target=\"_blank\" rel=\"noreferrer noopener\">M\u00e9todos de Aproxima\u00e7\u00e3o Em F\u00edsica<\/a><\/td><\/tr><tr><td><a href=\"http:\/\/www.dfi.uem.br\/fisicaold\/site.dfi.uem.br\/wp-content\/uploads\/2016\/10\/3102-M%c3%a9todos-Campo-M%c3%a9dio-em-Mec%c3%a2nica-Estatistica-programa-2009.pdf\" target=\"_blank\" rel=\"noreferrer noopener\">M\u00e9todos de Campo M\u00e9dio Em Mec\u00e2nica Estat\u00edstica<\/a><\/td><\/tr><tr><td><a href=\"http:\/\/www.dfi.uem.br\/fisicaold\/site.dfi.uem.br\/wp-content\/uploads\/2016\/10\/3103-%c3%93tica-programa-2009.pdf\" target=\"_blank\" rel=\"noreferrer noopener\">\u00d3tica<\/a><\/td><\/tr><tr><td>Produ\u00e7\u00e3o de Material Did\u00e1tico<\/td><\/tr><tr><td><a href=\"http:\/\/www.dfi.uem.br\/fisicaold\/site.dfi.uem.br\/wp-content\/uploads\/2016\/10\/4689-Recursos-Computacionais-e-audiovisuais-aplicados-no-ensino-de-F%c3%adsica-programa-2015.pdf\" target=\"_blank\" rel=\"noreferrer noopener\">Recursos Computacionais e Audiovisuais Aplicados no Ensino de F\u00edsica<\/a><\/td><\/tr><\/tbody><\/table><\/figure>\n\n\n\n<h2 class=\"wp-block-heading\">EMENTAS<\/h2>\n\n\n\n<p><a href=\"http:\/\/www.dfi.uem.br\/fisicaold\/site.dfi.uem.br\/wp-content\/uploads\/2016\/10\/Ementas-resumidas.pdf\" target=\"_blank\" rel=\"noreferrer noopener\">EMENTAS E OBJETIVOS DAS DISCIPLINAS DO CURSO DE GRADUA\u00c7\u00c3O EM F\u00cdSICA<\/a><\/p>\n","protected":false},"excerpt":{"rendered":"<p>LICENCIATURA EM F\u00cdSICA S\u00c9RIE COMPONENTE CURRICULAR 1\u00ba SEM. 2\u00ba SEM. 1 Fundamentos da Computa\u00e7\u00e3o &nbsp; x 1 F\u00edsica Geral I x &nbsp; 1 Laborat\u00f3rio de F\u00edsica Geral I x &nbsp; 1 C\u00e1lculo Diferencial e Integral I x &nbsp; 1 F\u00edsica Geral II &nbsp; x 1 Laborat\u00f3rio de F\u00edsica Geral II &nbsp; x 1 C\u00e1lculo Diferencial [&hellip;]<\/p>\n","protected":false},"author":1,"featured_media":0,"parent":0,"menu_order":0,"comment_status":"closed","ping_status":"closed","template":"","meta":{"footnotes":""},"_links":{"self":[{"href":"http:\/\/www.dfi.uem.br\/fisica\/index.php\/wp-json\/wp\/v2\/pages\/273"}],"collection":[{"href":"http:\/\/www.dfi.uem.br\/fisica\/index.php\/wp-json\/wp\/v2\/pages"}],"about":[{"href":"http:\/\/www.dfi.uem.br\/fisica\/index.php\/wp-json\/wp\/v2\/types\/page"}],"author":[{"embeddable":true,"href":"http:\/\/www.dfi.uem.br\/fisica\/index.php\/wp-json\/wp\/v2\/users\/1"}],"replies":[{"embeddable":true,"href":"http:\/\/www.dfi.uem.br\/fisica\/index.php\/wp-json\/wp\/v2\/comments?post=273"}],"version-history":[{"count":5,"href":"http:\/\/www.dfi.uem.br\/fisica\/index.php\/wp-json\/wp\/v2\/pages\/273\/revisions"}],"predecessor-version":[{"id":288,"href":"http:\/\/www.dfi.uem.br\/fisica\/index.php\/wp-json\/wp\/v2\/pages\/273\/revisions\/288"}],"wp:attachment":[{"href":"http:\/\/www.dfi.uem.br\/fisica\/index.php\/wp-json\/wp\/v2\/media?parent=273"}],"curies":[{"name":"wp","href":"https:\/\/api.w.org\/{rel}","templated":true}]}}