{"id":146,"date":"2021-11-03T22:46:37","date_gmt":"2021-11-04T00:46:37","guid":{"rendered":"http:\/\/www.dfi.uem.br\/fisica\/?page_id=146"},"modified":"2021-11-03T22:46:38","modified_gmt":"2021-11-04T00:46:38","slug":"intercambios-exchanges","status":"publish","type":"page","link":"http:\/\/www.dfi.uem.br\/fisica\/index.php\/intercambios-exchanges\/","title":{"rendered":"Interc\u00e2mbios \/ Exchanges"},"content":{"rendered":"\n<p>2015<\/p>\n\n\n\n<ul><li>CARACTERIZA\u00c7\u00c3O DAS PROPRIEDADES F\u00cdSICO-QU\u00cdMICAS E DA ESTABILIDADE OXIDATIVA DE BIOCOMBUST\u00cdVEIS POR ESPECTROSCOPIA DE LENTE T\u00c9RMICA E ESPECTROSCOPIA \u00d3PTICA<\/li><li>CENTRO TECNOL\u00d3GICO DA MARINHA\/ARAMAR \u2013 CTM<\/li><li>IFGW \u2013 Unicamp<\/li><li>INSTITUTO DE F\u00cdSICA\/UNICAMP<\/li><li>INSTITUTO DE F\u00cdSICA\/USP \u2013 S\u00e3o Carlos<\/li><li>INSTITUTO NACIONAL DE CI\u00caNCIA E TECNOLOGIA EM MATERIAIS COMPLEXOS FUNCIONAIS (INOMAT)<\/li><li>INSTITUTO NACIONAL DE PESQUISA DE CI\u00caNCIA E TECNOLOGIA DE SISTEMAS COMPLEXOS (INCT-SC)<\/li><li>MATERIAIS MULTIFERROICOS CER\u00c2MICOS: PESQUISA, DESENVOLVIMENTO E APLICA\u00c7\u00d5ES \u00c0 CI\u00caNCIA, TECNOLOGIA E MEIO AMBIENTE<\/li><li>N\u00daCLEO DE EXCEL\u00caNCIA EM \u00d3PTICA AVAN\u00c7ADA PARA A CARACTERIZA\u00c7\u00c3O E PADRONIZA\u00c7\u00c3O DE NOVOS FITOF\u00c1RMACOS E BIOMATERIAIS<\/li><\/ul>\n\n\n\n<p>2014<\/p>\n\n\n\n<ul><li>INSTITUTO NACIONAL DE CI\u00caNCIA E TECNOLOGIA DE FLUIDOS COMPLEXOS (INCT-FCx)<\/li><li>INVESTIGA\u00c7\u00c3O DE VIDROS \u00d3PTICOS DOPADOS COM METAIS DE TRANSI\u00c7\u00c3O E TERRAS RARAS PARA DESENVOLVIMENTO DE DISPOSITIVOS OPTICOS E DE LASERS PARA O V\u00cdSIVEL E INFRAVERMELHO M\u00c9DIO<\/li><li>REDE PARANAENSE DE ESTUDO DE \u00d3XIDOS MAGN\u00c9TICOS, MULTIFERROICOS E SUPERCONDUTORES AVANCADOS<\/li><\/ul>\n\n\n\n<div class=\"wp-block-group is-layout-flow wp-block-group-is-layout-flow\">\n<div class=\"wp-block-group is-layout-flow wp-block-group-is-layout-flow\">\n<p>2013<\/p>\n\n\n\n<ul><li>PROJETO DE COOPERA\u00c7\u00c3O ENTRE BRASIL (UEM) E CANAD\u00c1 (NATIONAL RESEARCH COUNCIL OF CANADA \u2013 VANCOUVER\/CANAD\u00c1)<\/li><li>PROJETO DE COOPERA\u00c7\u00c3O ENTRE GRUPOS DE PESQUISA DO BRASIL, COL\u00d4MBIA, ESTADOS UNIDOS, TAIL\u00c2NDIA E ESPANHA: INTERNACIONAL MULTIFUNCTIONAL MATERIALS RESEARCH INSTITUTE (IMMRI)<\/li><li>THERMOPHYSICAL PROPERTIES OF OIL SANDS MIDDLE DISTILLATES<\/li><\/ul>\n\n\n\n<p><\/p>\n<\/div>\n<\/div>\n","protected":false},"excerpt":{"rendered":"<p>2015 CARACTERIZA\u00c7\u00c3O DAS PROPRIEDADES F\u00cdSICO-QU\u00cdMICAS E DA ESTABILIDADE OXIDATIVA DE BIOCOMBUST\u00cdVEIS POR ESPECTROSCOPIA DE LENTE T\u00c9RMICA E ESPECTROSCOPIA \u00d3PTICA CENTRO TECNOL\u00d3GICO DA MARINHA\/ARAMAR \u2013 CTM IFGW \u2013 Unicamp INSTITUTO DE F\u00cdSICA\/UNICAMP INSTITUTO DE F\u00cdSICA\/USP \u2013 S\u00e3o Carlos INSTITUTO NACIONAL DE CI\u00caNCIA E TECNOLOGIA EM MATERIAIS COMPLEXOS FUNCIONAIS (INOMAT) INSTITUTO NACIONAL DE PESQUISA DE CI\u00caNCIA E [&hellip;]<\/p>\n","protected":false},"author":1,"featured_media":0,"parent":0,"menu_order":0,"comment_status":"closed","ping_status":"closed","template":"","meta":{"footnotes":""},"_links":{"self":[{"href":"http:\/\/www.dfi.uem.br\/fisica\/index.php\/wp-json\/wp\/v2\/pages\/146"}],"collection":[{"href":"http:\/\/www.dfi.uem.br\/fisica\/index.php\/wp-json\/wp\/v2\/pages"}],"about":[{"href":"http:\/\/www.dfi.uem.br\/fisica\/index.php\/wp-json\/wp\/v2\/types\/page"}],"author":[{"embeddable":true,"href":"http:\/\/www.dfi.uem.br\/fisica\/index.php\/wp-json\/wp\/v2\/users\/1"}],"replies":[{"embeddable":true,"href":"http:\/\/www.dfi.uem.br\/fisica\/index.php\/wp-json\/wp\/v2\/comments?post=146"}],"version-history":[{"count":1,"href":"http:\/\/www.dfi.uem.br\/fisica\/index.php\/wp-json\/wp\/v2\/pages\/146\/revisions"}],"predecessor-version":[{"id":147,"href":"http:\/\/www.dfi.uem.br\/fisica\/index.php\/wp-json\/wp\/v2\/pages\/146\/revisions\/147"}],"wp:attachment":[{"href":"http:\/\/www.dfi.uem.br\/fisica\/index.php\/wp-json\/wp\/v2\/media?parent=146"}],"curies":[{"name":"wp","href":"https:\/\/api.w.org\/{rel}","templated":true}]}}