{"id":140,"date":"2021-11-03T22:36:24","date_gmt":"2021-11-04T00:36:24","guid":{"rendered":"http:\/\/www.dfi.uem.br\/fisica\/?page_id=140"},"modified":"2021-11-03T22:36:25","modified_gmt":"2021-11-04T00:36:25","slug":"grupos-de-pesquisa","status":"publish","type":"page","link":"http:\/\/www.dfi.uem.br\/fisica\/index.php\/grupos-de-pesquisa\/","title":{"rendered":"Grupos de Pesquisa"},"content":{"rendered":"\n<ul><li>Grupo de Estudos de Fen\u00f4menos Fotot\u00e9rmicos (GEFF).<\/li><li>Grupo de Espectroscopia \u00d3ptica e Propriedades Termof\u00edsicas.<\/li><li>Grupo de Flu\u00eddos Complexos &#8211; Experimental.<\/li><li>Centro de Investiga\u00e7\u00e3o da Inter\u00e7\u00e3o Luz-Mat\u00e9ria.<\/li><li>Grupo de Materiais Especiais (MATESP).<\/li><li>Grupo de Desenvolvimento de Dispositivos Multifuncionais (GDDM).<\/li><li>Grupo de Sistemas Complexos (COMPLEX LAB).<\/li><li>Teoria de Fluidos Complexos.<\/li><li>Grupo de Ensino de F\u00edsica.<\/li><\/ul>\n","protected":false},"excerpt":{"rendered":"<p>Grupo de Estudos de Fen\u00f4menos Fotot\u00e9rmicos (GEFF). Grupo de Espectroscopia \u00d3ptica e Propriedades Termof\u00edsicas. Grupo de Flu\u00eddos Complexos &#8211; Experimental. Centro de Investiga\u00e7\u00e3o da Inter\u00e7\u00e3o Luz-Mat\u00e9ria. Grupo de Materiais Especiais (MATESP). Grupo de Desenvolvimento de Dispositivos Multifuncionais (GDDM). Grupo de Sistemas Complexos (COMPLEX LAB). Teoria de Fluidos Complexos. Grupo de Ensino de F\u00edsica.<\/p>\n","protected":false},"author":1,"featured_media":0,"parent":0,"menu_order":0,"comment_status":"closed","ping_status":"closed","template":"","meta":{"footnotes":""},"_links":{"self":[{"href":"http:\/\/www.dfi.uem.br\/fisica\/index.php\/wp-json\/wp\/v2\/pages\/140"}],"collection":[{"href":"http:\/\/www.dfi.uem.br\/fisica\/index.php\/wp-json\/wp\/v2\/pages"}],"about":[{"href":"http:\/\/www.dfi.uem.br\/fisica\/index.php\/wp-json\/wp\/v2\/types\/page"}],"author":[{"embeddable":true,"href":"http:\/\/www.dfi.uem.br\/fisica\/index.php\/wp-json\/wp\/v2\/users\/1"}],"replies":[{"embeddable":true,"href":"http:\/\/www.dfi.uem.br\/fisica\/index.php\/wp-json\/wp\/v2\/comments?post=140"}],"version-history":[{"count":5,"href":"http:\/\/www.dfi.uem.br\/fisica\/index.php\/wp-json\/wp\/v2\/pages\/140\/revisions"}],"predecessor-version":[{"id":145,"href":"http:\/\/www.dfi.uem.br\/fisica\/index.php\/wp-json\/wp\/v2\/pages\/140\/revisions\/145"}],"wp:attachment":[{"href":"http:\/\/www.dfi.uem.br\/fisica\/index.php\/wp-json\/wp\/v2\/media?parent=140"}],"curies":[{"name":"wp","href":"https:\/\/api.w.org\/{rel}","templated":true}]}}