{"id":130,"date":"2021-11-03T22:12:17","date_gmt":"2021-11-04T00:12:17","guid":{"rendered":"http:\/\/www.dfi.uem.br\/fisica\/?page_id=130"},"modified":"2021-11-03T22:22:25","modified_gmt":"2021-11-04T00:22:25","slug":"areas-of-concentration-area-de-concentracao","status":"publish","type":"page","link":"http:\/\/www.dfi.uem.br\/fisica\/index.php\/areas-of-concentration-area-de-concentracao\/","title":{"rendered":"\u00c1rea de Concentra\u00e7\u00e3o \/ Areas of Concentration"},"content":{"rendered":"\n<ul><li>F\u00edsica Geral (1.05.01.00-2)<ul><li>F\u00edsica Aplicada a Sistemas Naturas e Sociais<\/li><li>Mec\u00e2nica Estat\u00edstica Generalizada<\/li><li>Sistemas Complexos<\/li><\/ul><\/li><\/ul>\n\n\n\n<ul><li>F\u00edsica da Mat\u00e9ria Condensada (1.05.07.00-0)<ul><li>Espectroscopia fotoac\u00fastica<\/li><li>Espectroscopia fotot\u00e9rmica<\/li><li>Espectroscopia no infravermelho<\/li><li>Luminesc\u00eancia e espectroscopia de s\u00f3lidos<\/li><li>Propriedades \u00f3pticas e espectrosc\u00f3picas de materiais<\/li><li>Propriedades t\u00e9rmicas<\/li><li>Propriedades termo-\u00f3pticas<\/li><\/ul><ul><li>Densitometria e realogia<\/li><li>Par\u00e2metros: de ordem e n\u00e3o linear<\/li><li>Propriedades el\u00e9tricas<\/li><li>Propriedades \u00f3pticas de fases uniaxial e biaxial<\/li><li>Caracteriza\u00e7\u00e3o termo-\u00f3ptica e mec\u00e2nica de materiais<\/li><li>Efeitos de press\u00e3o de radia\u00e7\u00e3o<\/li><li>Modelagem matem\u00e1tica do efeito de intera\u00e7\u00e3o luz-mat\u00e9ria aplicado em t\u00e9cnicas experimentais<\/li><li>Produ\u00e7\u00e3o de nano part\u00edculas por laser ablation<\/li><li>Rea\u00e7\u00f5es foto-qu\u00edmicas e difus\u00e3o de massa induzidas por laser<\/li><li>Caracteriza\u00e7\u00e3o estrutural e magn\u00e9tica de materiais<\/li><li>Caracteriza\u00e7\u00e3o de materiais nucleares<\/li><li>Estudos de compostos magn\u00e9ticos<\/li><li>S\u00edntese de materiais por v\u00e1rias t\u00e9cnicas<\/li><li>Desenvolvimento de dispositivos multifuncionais<\/li><li>Investiga\u00e7\u00e3o de propriedades estruturais e microestruturais de multiferr\u00f3icos policristalinos monol\u00edticos<\/li><li>Investiga\u00e7\u00e3o de propriedades ferroicas (ferroel\u00e9tricas, diel\u00e9tricas, piezel\u00e9tricas, magnetostritivas, eletrostritivas, magn\u00e9ticas e piroel\u00e9tricas) de multiferroicos policristalinos monol\u00edticos<\/li><li>Simula\u00e7\u00e3o e otimiza\u00e7\u00e3o de estruturas e propriedades f\u00edsicas de materiais usando c\u00e1lculos ab initio<\/li><li>S\u00edntese de multiferroicos (magnetoel\u00e9tricos, magnetoel\u00e1sticos, eletroel\u00e1sticos, piezel\u00e9tricos e piezemagn\u00e9ticos) policristalinos monol\u00edticos<\/li><li>Dispositivos eletro-\u00f3pticos<\/li><li>Espectroscopia de imped\u00e2ncia de fluidos isotr\u00f3picos e anisotr\u00f3picos<\/li><li>Fen\u00f4menos difusivos usuais e an\u00f4malos<\/li><li>Misturas de cristais l\u00edquidos com pol\u00edmeros: fases estabilizadas, microscopia e aplica\u00e7\u00f5es<\/li><li>Orienta\u00e7\u00e3o molecular e efeitos de superf\u00edcie em cristais l\u00edquidos termotr\u00f3picos e anisotr\u00f3picos<\/li><li>Transi\u00e7\u00f5es entre texturas e molhamento em nem\u00e1ticos quirais<\/li><\/ul><\/li><\/ul>\n\n\n\n<ul><li>\u00c1reas Cl\u00e1ssicas de Fenomenologia e suas Aplica\u00e7\u00f5es (1.05.02.00-9)<ul><li>Sistemas Biol\u00f3gicos<\/li><li>Espectroscopia Vibracional<\/li><li>Produ\u00e7\u00e3o e Caracteriza\u00e7\u00e3o de Vidros \u00d3pticos<\/li><\/ul><\/li><\/ul>\n\n\n\n<ul><li>Ensino de F\u00edsica<ul><li>Desenvolvimento de Sistemas Did\u00e1ticos<\/li><li>Centro Interdisciplinar de Ci\u00eancia-CIC<\/li><li>Laborat\u00f3rio de Cria\u00e7\u00e3o Visual-LCV<\/li><li>Integra\u00e7\u00e3o Gradua\u00e7\u00e3o-P\u00f3s-Gradua\u00e7\u00e3o<\/li><li>NOIAC \u2013 N\u00facleo de Oficinas Itinerantes para a Alfabetiza\u00e7\u00e3o Cient\u00edfica<\/li><li>F\u00edsica no Museu Interdisciplinar de Ci\u00eancias<\/li><li>Projeto Centen\u00e1rio do V\u00f4o Aut\u00f4nomo<\/li><li>Produ\u00e7\u00e3o e uso de recursos de ensino (did\u00e1ticos, midi\u00e1ticos e paradid\u00e1ticos)<\/li><li>Forma\u00e7\u00e3o inicial e continuada de professores de F\u00edsica<\/li><li>Ensino de F\u00edsica e Astronomia<\/li><\/ul><\/li><\/ul>\n","protected":false},"excerpt":{"rendered":"<p>F\u00edsica Geral (1.05.01.00-2) F\u00edsica Aplicada a Sistemas Naturas e Sociais Mec\u00e2nica Estat\u00edstica Generalizada Sistemas Complexos F\u00edsica da Mat\u00e9ria Condensada (1.05.07.00-0) Espectroscopia fotoac\u00fastica Espectroscopia fotot\u00e9rmica Espectroscopia no infravermelho Luminesc\u00eancia e espectroscopia de s\u00f3lidos Propriedades \u00f3pticas e espectrosc\u00f3picas de materiais Propriedades t\u00e9rmicas Propriedades termo-\u00f3pticas Densitometria e realogia Par\u00e2metros: de ordem e n\u00e3o linear Propriedades el\u00e9tricas Propriedades \u00f3pticas [&hellip;]<\/p>\n","protected":false},"author":1,"featured_media":0,"parent":0,"menu_order":0,"comment_status":"closed","ping_status":"closed","template":"","meta":{"footnotes":""},"_links":{"self":[{"href":"http:\/\/www.dfi.uem.br\/fisica\/index.php\/wp-json\/wp\/v2\/pages\/130"}],"collection":[{"href":"http:\/\/www.dfi.uem.br\/fisica\/index.php\/wp-json\/wp\/v2\/pages"}],"about":[{"href":"http:\/\/www.dfi.uem.br\/fisica\/index.php\/wp-json\/wp\/v2\/types\/page"}],"author":[{"embeddable":true,"href":"http:\/\/www.dfi.uem.br\/fisica\/index.php\/wp-json\/wp\/v2\/users\/1"}],"replies":[{"embeddable":true,"href":"http:\/\/www.dfi.uem.br\/fisica\/index.php\/wp-json\/wp\/v2\/comments?post=130"}],"version-history":[{"count":4,"href":"http:\/\/www.dfi.uem.br\/fisica\/index.php\/wp-json\/wp\/v2\/pages\/130\/revisions"}],"predecessor-version":[{"id":139,"href":"http:\/\/www.dfi.uem.br\/fisica\/index.php\/wp-json\/wp\/v2\/pages\/130\/revisions\/139"}],"wp:attachment":[{"href":"http:\/\/www.dfi.uem.br\/fisica\/index.php\/wp-json\/wp\/v2\/media?parent=130"}],"curies":[{"name":"wp","href":"https:\/\/api.w.org\/{rel}","templated":true}]}}