{"id":113,"date":"2021-11-03T21:59:35","date_gmt":"2021-11-03T23:59:35","guid":{"rendered":"http:\/\/www.dfi.uem.br\/fisica\/?page_id=113"},"modified":"2021-11-03T22:04:50","modified_gmt":"2021-11-04T00:04:50","slug":"pesquisa","status":"publish","type":"page","link":"http:\/\/www.dfi.uem.br\/fisica\/index.php\/pesquisa\/","title":{"rendered":"Pesquisa"},"content":{"rendered":"\n<div class=\"wp-block-columns is-layout-flex wp-container-core-columns-is-layout-1 wp-block-columns-is-layout-flex\">\n<div class=\"wp-block-column is-layout-flow wp-block-column-is-layout-flow\" style=\"flex-basis:66.66%\">\n<p align=\"justify\">O Departamento de F\u00edsica atua em mais de 30 linhas de pesquisas em ensino de f\u00edsica, f\u00edsica b\u00e1sica, e aplicada, distribu\u00eddas em quatro \u00e1reas de concentra\u00e7\u00e3o: F\u00edsica da Mat\u00e9ria Condensada, F\u00edsica Geral, \u00c1reas Cl\u00e1ssicas de Fenomenologia e suas Aplica\u00e7\u00f5es, e Ensino de F\u00edsica. No entanto, diferentes dire\u00e7\u00f5es de atua\u00e7\u00e3o mudam constantemente abrangendo novas \u00e1reas de interesse que v\u00e3o deste sistemas sociais a sistemas biol\u00f3gicos. Isto \u00e9 resultado da constante colabora\u00e7\u00e3o que o grupo de pesquisadores do DFI tem mantido com outros departamentos, especialmente os departamentos de qu\u00edmica, biologia, farm\u00e1cia e odontologia da nossa institui\u00e7\u00e3o, assim como cont\u00ednua colabora\u00e7\u00e3o com outras institui\u00e7\u00f5es nacionais e internacionais. Ainda, grande esfor\u00e7o tem sido feito para estar na fronteira do conhecimento devido ao surgimento de novas tecnologias. Para isso, a UEM oferece uma grande quantidade de equipamentos para o estudo de propriedades estruturais, microestruturais (microsc\u00f3picas) espectrosc\u00f3picas, el\u00e9tricas, magn\u00e9ticas, \u00f3pticas e termodin\u00e2micas para o desenvolvimento local de medidas de alta resolu\u00e7\u00e3o. O programa conta com apoio da Funda\u00e7\u00e3o Arauc\u00e1ria e das ag\u00eancias nacionais, como CNPq, CAPES, Finep para financiamento das pesquisas e manuten\u00e7\u00e3o dos laborat\u00f3rios.<\/p>\n<\/div>\n\n\n\n<div class=\"wp-block-column is-layout-flow wp-block-column-is-layout-flow\" style=\"flex-basis:33.33%\">\n<figure class=\"wp-block-image size-full is-resized\"><img loading=\"lazy\" decoding=\"async\" src=\"http:\/\/www.dfi.uem.br\/fisica\/wp-content\/uploads\/2021\/11\/pesquisa.jpg\" alt=\"\" class=\"wp-image-114\" width=\"492\" height=\"373\" srcset=\"http:\/\/www.dfi.uem.br\/fisica\/wp-content\/uploads\/2021\/11\/pesquisa.jpg 400w, http:\/\/www.dfi.uem.br\/fisica\/wp-content\/uploads\/2021\/11\/pesquisa-300x228.jpg 300w\" sizes=\"(max-width: 492px) 100vw, 492px\" \/><\/figure>\n<\/div>\n<\/div>\n","protected":false},"excerpt":{"rendered":"<p>O Departamento de F\u00edsica atua em mais de 30 linhas de pesquisas em ensino de f\u00edsica, f\u00edsica b\u00e1sica, e aplicada, distribu\u00eddas em quatro \u00e1reas de concentra\u00e7\u00e3o: F\u00edsica da Mat\u00e9ria Condensada, F\u00edsica Geral, \u00c1reas Cl\u00e1ssicas de Fenomenologia e suas Aplica\u00e7\u00f5es, e Ensino de F\u00edsica. No entanto, diferentes dire\u00e7\u00f5es de atua\u00e7\u00e3o mudam constantemente abrangendo novas \u00e1reas de [&hellip;]<\/p>\n","protected":false},"author":1,"featured_media":0,"parent":0,"menu_order":0,"comment_status":"closed","ping_status":"closed","template":"","meta":{"footnotes":""},"_links":{"self":[{"href":"http:\/\/www.dfi.uem.br\/fisica\/index.php\/wp-json\/wp\/v2\/pages\/113"}],"collection":[{"href":"http:\/\/www.dfi.uem.br\/fisica\/index.php\/wp-json\/wp\/v2\/pages"}],"about":[{"href":"http:\/\/www.dfi.uem.br\/fisica\/index.php\/wp-json\/wp\/v2\/types\/page"}],"author":[{"embeddable":true,"href":"http:\/\/www.dfi.uem.br\/fisica\/index.php\/wp-json\/wp\/v2\/users\/1"}],"replies":[{"embeddable":true,"href":"http:\/\/www.dfi.uem.br\/fisica\/index.php\/wp-json\/wp\/v2\/comments?post=113"}],"version-history":[{"count":10,"href":"http:\/\/www.dfi.uem.br\/fisica\/index.php\/wp-json\/wp\/v2\/pages\/113\/revisions"}],"predecessor-version":[{"id":129,"href":"http:\/\/www.dfi.uem.br\/fisica\/index.php\/wp-json\/wp\/v2\/pages\/113\/revisions\/129"}],"wp:attachment":[{"href":"http:\/\/www.dfi.uem.br\/fisica\/index.php\/wp-json\/wp\/v2\/media?parent=113"}],"curies":[{"name":"wp","href":"https:\/\/api.w.org\/{rel}","templated":true}]}}